{"id":676,"date":"2024-06-13T20:13:39","date_gmt":"2024-06-13T20:13:39","guid":{"rendered":"https:\/\/willowsgroomer.com\/?page_id=676"},"modified":"2025-03-12T19:37:04","modified_gmt":"2025-03-12T19:37:04","slug":"special-accommodations-2","status":"publish","type":"page","link":"https:\/\/willowsgroomer.com\/es\/special-accommodations-2\/","title":{"rendered":"Acomodaciones especiales"},"content":{"rendered":"<section class=\"l-section wpb_row height_medium\"><div class=\"l-section-h i-cf\"><div class=\"g-cols vc_row via_grid cols_1 laptops-cols_inherit tablets-cols_inherit mobiles-cols_1 valign_middle type_default stacking_default\"><div class=\"wpb_column vc_column_container\"><div class=\"vc_column-inner\"><div id=\"ultimate-heading-659169e9234b9e97f\" class=\"uvc-heading ult-adjust-bottom-margin ultimate-heading-659169e9234b9e97f uvc-1024 \" data-hspacer=\"line_only\"  data-halign=\"left\" style=\"text-align:left\"><div class=\"uvc-sub-heading ult-responsive\"  data-ultimate-target='.uvc-heading.ultimate-heading-659169e9234b9e97f .uvc-sub-heading '  data-responsive-json-new='{\"font-size\":\"\",\"line-height\":\"\"}'  style=\"font-weight:normal;\">\n<h1>Acomodaciones <span style=\"color: #6622aa;\">Especiales <\/span><\/h1>\n<\/div><div class=\"uvc-heading-spacer line_only\" style=\"margin-top:5px;margin-bottom:10px;height:3px;\"><span class=\"uvc-headings-line\" style=\"border-style:solid;border-bottom-width:3px;border-color:#6622aa;width:150px;\"><\/span><\/div><\/div><div class=\"ult-spacer spacer-69e9234b9ea06\" data-id=\"69e9234b9ea06\" data-height=\"30\" data-height-mobile=\"30\" data-height-tab=\"30\" data-height-tab-portrait=\"\" data-height-mobile-landscape=\"\" style=\"clear:both;display:block;\"><\/div><div class=\"wpb_text_column\"><div class=\"wpb_wrapper\"><p>Aunque todos nuestros servicios incluyen todo lo que tu mascota necesita para sentirse mimada y querida, si quieres a\u00f1adir algo m\u00e1s para que su experiencia sea superior, aqu\u00ed tienes algunos complementos que ofrecemos:<\/p>\n<\/div><\/div><div class=\"ult-spacer spacer-69e9234b9ed37\" data-id=\"69e9234b9ed37\" data-height=\"30\" data-height-mobile=\"30\" data-height-tab=\"30\" data-height-tab-portrait=\"\" data-height-mobile-landscape=\"\" style=\"clear:both;display:block;\"><\/div><div class=\"w-tabs layout_hor style_modern switch_click has_scrolling\" style=\"--sections-title-size:1em\"><div class=\"w-tabs-list items_3 align_none\"><div class=\"w-tabs-list-h\"><button class=\"w-tabs-item active\" aria-controls=\"content-kfef\" aria-expanded=\"false\"><span class=\"w-tabs-item-title\">Mascota mayor\/Agresiva<\/span><\/button><button class=\"w-tabs-item\" aria-controls=\"content-lb88\" aria-expanded=\"false\"><span class=\"w-tabs-item-title\">Enredado<\/span><\/button><button class=\"w-tabs-item\" aria-controls=\"content-d72c\" aria-expanded=\"false\"><span class=\"w-tabs-item-title\">Pulgas y Garrapatas<\/span><\/button><\/div><\/div><div class=\"w-tabs-sections titles-align_none icon_chevron cpos_right\"><div class=\"w-tabs-section active\" id=\"kfef\"><button class=\"w-tabs-section-header active\" aria-controls=\"content-kfef\" aria-expanded=\"true\"><div class=\"w-tabs-section-title\">Mascota mayor\/Agresiva<\/div><div class=\"w-tabs-section-control\"><\/div><\/button><div  class=\"w-tabs-section-content\" id=\"content-kfef\"><div class=\"w-tabs-section-content-h i-cf\"><div class=\"g-cols wpb_row via_grid cols_1-3 laptops-cols_inherit tablets-cols_inherit mobiles-cols_1 valign_middle type_default stacking_default\" style=\"--gap:3rem;\"><div class=\"wpb_column vc_column_container\"><div class=\"vc_column-inner\"><div class=\"w-image img-1 align_none\"><div class=\"w-image-h\"><img decoding=\"async\" width=\"900\" height=\"900\" src=\"https:\/\/willowsgroomer.com\/wp-content\/uploads\/2024\/06\/img-tab.jpg\" class=\"attachment-large size-large\" alt=\"\" loading=\"lazy\" srcset=\"https:\/\/willowsgroomer.com\/wp-content\/uploads\/2024\/06\/img-tab.jpg 900w, https:\/\/willowsgroomer.com\/wp-content\/uploads\/2024\/06\/img-tab-300x300.jpg 300w, https:\/\/willowsgroomer.com\/wp-content\/uploads\/2024\/06\/img-tab-150x150.jpg 150w\" sizes=\"auto, (max-width: 900px) 100vw, 900px\" \/><\/div><\/div><\/div><\/div><div class=\"wpb_column vc_column_container\"><div class=\"vc_column-inner\"><div class=\"wpb_text_column\"><div class=\"wpb_wrapper\"><h3>Mascota mayor\/Agresiva<\/h3>\n<\/div><\/div><div class=\"ult-spacer spacer-69e9234b9fe3c\" data-id=\"69e9234b9fe3c\" data-height=\"30\" data-height-mobile=\"30\" data-height-tab=\"30\" data-height-tab-portrait=\"\" data-height-mobile-landscape=\"\" style=\"clear:both;display:block;\"><\/div><div class=\"wpb_text_column\"><div class=\"wpb_wrapper\"><p>A veces nuestras mascotas requieren atenci\u00f3n y cuidado extra, y estas mascotas pueden ser mayores o lo que llamamos \u00abCopos de Nieve Especiales\u00bb. Para estas mascotas, ofrecemos alojamiento especial para los tiempos de cita m\u00e1s cortos, llamados \u00abServicios Express\u00bb, utilizamos diferentes herramientas como E-Collars para ayudar a mantener a todos a salvo de cualquier accidente y siempre vamos a dar besos extra para que se sientan como en casa (Besos son gratuitos, por supuesto.) Si usted piensa que su mascota puede requerir atenci\u00f3n o asistencia adicional, llame a nuestra recepcionista para tener una consulta r\u00e1pida.<\/p>\n<\/div><\/div><\/div><\/div><\/div><\/div><\/div><\/div><div class=\"w-tabs-section\" id=\"lb88\"><button class=\"w-tabs-section-header\" aria-controls=\"content-lb88\" aria-expanded=\"false\"><div class=\"w-tabs-section-title\">Enredado<\/div><div class=\"w-tabs-section-control\"><\/div><\/button><div  class=\"w-tabs-section-content\" id=\"content-lb88\"><div class=\"w-tabs-section-content-h i-cf\"><div class=\"g-cols wpb_row via_grid cols_2-1 laptops-cols_inherit tablets-cols_inherit mobiles-cols_1 valign_middle type_default stacking_default\" style=\"--gap:3rem;\"><div class=\"wpb_column vc_column_container\"><div class=\"vc_column-inner\"><div class=\"wpb_text_column\"><div class=\"wpb_wrapper\"><h3>Enredado<\/h3>\n<\/div><\/div><div class=\"ult-spacer spacer-69e9234ba03c9\" data-id=\"69e9234ba03c9\" data-height=\"30\" data-height-mobile=\"30\" data-height-tab=\"30\" data-height-tab-portrait=\"\" data-height-mobile-landscape=\"\" style=\"clear:both;display:block;\"><\/div><div class=\"wpb_text_column\"><div class=\"wpb_wrapper\"><p>Aunque esta foto pueda parecer un poco extrema, desafortunadamente es bastante com\u00fan. El enredo en los perros comienza en la base del pelo y, aunque pases tus manos por el pelaje de tu perro y se sienta desenredado, podr\u00eda haber un enredo severo debajo. La \u00fanica manera de asegurarte de que esto no ocurra es cepillar y peinar a tu perro a diario o, como m\u00ednimo, semanalmente. El enredo puede ser MUY doloroso de tratar de desenredar cuando est\u00e1 pegado a la piel. El equipo de peluquer\u00eda de Willow quiere mantener a tu perro esponjoso y lindo, pero eso no siempre puede ser una opci\u00f3n. Hacemos todo lo posible para asegurarnos de haber intentado todas las otras opciones antes de tener que rapar a tu mascota. SIEMPRE te llamaremos con una actualizaci\u00f3n si necesitamos ajustar nuestro plan de peluquer\u00eda original una vez que comencemos el proceso.<\/p>\n<\/div><\/div><\/div><\/div><div class=\"wpb_column vc_column_container\"><div class=\"vc_column-inner\"><div class=\"w-image img-1 align_none\"><div class=\"w-image-h\"><img decoding=\"async\" width=\"900\" height=\"900\" src=\"https:\/\/willowsgroomer.com\/wp-content\/uploads\/2024\/06\/img-tab-2.jpg\" class=\"attachment-large size-large\" alt=\"\" loading=\"lazy\" srcset=\"https:\/\/willowsgroomer.com\/wp-content\/uploads\/2024\/06\/img-tab-2.jpg 900w, https:\/\/willowsgroomer.com\/wp-content\/uploads\/2024\/06\/img-tab-2-300x300.jpg 300w, https:\/\/willowsgroomer.com\/wp-content\/uploads\/2024\/06\/img-tab-2-150x150.jpg 150w\" sizes=\"auto, (max-width: 900px) 100vw, 900px\" \/><\/div><\/div><\/div><\/div><\/div><\/div><\/div><\/div><div class=\"w-tabs-section\" id=\"d72c\"><button class=\"w-tabs-section-header\" aria-controls=\"content-d72c\" aria-expanded=\"false\"><div class=\"w-tabs-section-title\">Pulgas y Garrapatas<\/div><div class=\"w-tabs-section-control\"><\/div><\/button><div  class=\"w-tabs-section-content\" id=\"content-d72c\"><div class=\"w-tabs-section-content-h i-cf\"><div class=\"g-cols wpb_row via_grid cols_1-3 laptops-cols_inherit tablets-cols_inherit mobiles-cols_1 valign_middle type_default stacking_default\" style=\"--gap:3rem;\"><div class=\"wpb_column vc_column_container\"><div class=\"vc_column-inner\"><div class=\"w-image img-1 align_none\"><div class=\"w-image-h\"><img decoding=\"async\" width=\"900\" height=\"900\" src=\"https:\/\/willowsgroomer.com\/wp-content\/uploads\/2024\/06\/img-tab-3.jpg\" class=\"attachment-large size-large\" alt=\"\" loading=\"lazy\" srcset=\"https:\/\/willowsgroomer.com\/wp-content\/uploads\/2024\/06\/img-tab-3.jpg 900w, https:\/\/willowsgroomer.com\/wp-content\/uploads\/2024\/06\/img-tab-3-300x300.jpg 300w, https:\/\/willowsgroomer.com\/wp-content\/uploads\/2024\/06\/img-tab-3-150x150.jpg 150w\" sizes=\"auto, (max-width: 900px) 100vw, 900px\" \/><\/div><\/div><\/div><\/div><div class=\"wpb_column vc_column_container\"><div class=\"vc_column-inner\"><div class=\"wpb_text_column\"><div class=\"wpb_wrapper\"><h3>Pulgas y Garrapatas<\/h3>\n<\/div><\/div><div class=\"ult-spacer spacer-69e9234ba1556\" data-id=\"69e9234ba1556\" data-height=\"30\" data-height-mobile=\"30\" data-height-tab=\"30\" data-height-tab-portrait=\"\" data-height-mobile-landscape=\"\" style=\"clear:both;display:block;\"><\/div><div class=\"wpb_text_column\"><div class=\"wpb_wrapper\"><p>En Willow\u2019s Groomer tomamos muy en serio las pulgas y garrapatas. Ambos par\u00e1sitos se propagan muy f\u00e1cilmente a otros animales. Siempre recomendamos la prevenci\u00f3n mensual para pulgas y garrapatas en lugar de tratar de eliminarlas una vez que tu mascota ya tenga problemas. Sin embargo, hay dos opciones para ayudar a eliminar la presencia de ambos mientras est\u00e1n en nuestro taller. La primera es el champ\u00fa t\u00edpico para pulgas y garrapatas. Este es un proceso completamente natural que ayuda a matar cualquier cosa en la piel de tu mascota mientras permanece en nuestra ba\u00f1era durante unos 10 minutos. Aunque este proceso ayuda a eliminar la mayor\u00eda de ellas, no siempre es 100% efectivo. Nuestra otra opci\u00f3n es un tratamiento mucho m\u00e1s f\u00e1cil y efectivo llamado Capstar. Capstar es una p\u00edldora oral que, una vez que tu mascota la ingiere, comenzar\u00e1 a matar pulgas y garrapatas en 30 minutos. Este m\u00e9todo es m\u00e1s efectivo para erradicar el problema porque las pulgas no pueden esconderse de \u00e9l. Si tu mascota llega a nuestro taller con un problema de pulgas y garrapatas, te educaremos m\u00e1s sobre el ciclo de vida de las pulgas y garrapatas y necesitaremos tratar a tu mascota con una de estas opciones.<\/p>\n<\/div><\/div><\/div><\/div><\/div><\/div><\/div><\/div><\/div><\/div><\/div><\/div><\/div><\/div><\/section>\n","protected":false},"excerpt":{"rendered":"Acomodaciones Especiales Aunque todos nuestros servicios incluyen todo lo que tu mascota necesita para sentirse mimada y querida, si quieres a\u00f1adir algo m\u00e1s para que su experiencia sea superior, aqu\u00ed tienes algunos complementos que ofrecemos: Mascota mayor\/AgresivaEnredadoPulgas y GarrapatasMascota mayor\/AgresivaMascota mayor\/Agresiva A veces nuestras mascotas requieren atenci\u00f3n y cuidado extra, y estas mascotas pueden ser...","protected":false},"author":1,"featured_media":0,"parent":0,"menu_order":0,"comment_status":"closed","ping_status":"closed","template":"","meta":{"footnotes":""},"class_list":["post-676","page","type-page","status-publish","hentry"],"_links":{"self":[{"href":"https:\/\/willowsgroomer.com\/es\/wp-json\/wp\/v2\/pages\/676","targetHints":{"allow":["GET"]}}],"collection":[{"href":"https:\/\/willowsgroomer.com\/es\/wp-json\/wp\/v2\/pages"}],"about":[{"href":"https:\/\/willowsgroomer.com\/es\/wp-json\/wp\/v2\/types\/page"}],"author":[{"embeddable":true,"href":"https:\/\/willowsgroomer.com\/es\/wp-json\/wp\/v2\/users\/1"}],"replies":[{"embeddable":true,"href":"https:\/\/willowsgroomer.com\/es\/wp-json\/wp\/v2\/comments?post=676"}],"version-history":[{"count":14,"href":"https:\/\/willowsgroomer.com\/es\/wp-json\/wp\/v2\/pages\/676\/revisions"}],"predecessor-version":[{"id":1866,"href":"https:\/\/willowsgroomer.com\/es\/wp-json\/wp\/v2\/pages\/676\/revisions\/1866"}],"wp:attachment":[{"href":"https:\/\/willowsgroomer.com\/es\/wp-json\/wp\/v2\/media?parent=676"}],"curies":[{"name":"wp","href":"https:\/\/api.w.org\/{rel}","templated":true}]}}