{"id":669,"date":"2024-06-13T19:25:38","date_gmt":"2024-06-13T19:25:38","guid":{"rendered":"https:\/\/willowsgroomer.com\/?page_id=669"},"modified":"2025-03-12T19:35:33","modified_gmt":"2025-03-12T19:35:33","slug":"puppy-package-2","status":"publish","type":"page","link":"https:\/\/willowsgroomer.com\/es\/puppy-package-2\/","title":{"rendered":"Paquete para Cachorros"},"content":{"rendered":"<section class=\"l-section wpb_row height_medium with_img\"><div class=\"l-section-img\" role=\"img\" data-img-width=\"2560\" data-img-height=\"1127\" style=\"background-image: url(https:\/\/willowsgroomer.com\/wp-content\/uploads\/2024\/06\/background-4-1-scaled.jpg);\"><\/div><div class=\"l-section-h i-cf\"><div class=\"g-cols vc_row via_grid cols_2 laptops-cols_inherit tablets-cols_inherit mobiles-cols_1 valign_middle type_default stacking_default\"><div class=\"wpb_column vc_column_container\"><div class=\"vc_column-inner\"><div id=\"ultimate-heading-80469e93a9450b56\" class=\"uvc-heading ult-adjust-bottom-margin ultimate-heading-80469e93a9450b56 uvc-1625 \" data-hspacer=\"line_only\"  data-halign=\"left\" style=\"text-align:left\"><div class=\"uvc-sub-heading ult-responsive\"  data-ultimate-target='.uvc-heading.ultimate-heading-80469e93a9450b56 .uvc-sub-heading '  data-responsive-json-new='{\"font-size\":\"\",\"line-height\":\"\"}'  style=\"font-weight:normal;\">\n<h1>Paquete para <span style=\"color: #6622aa;\">Cachorros<\/span><\/h1>\n<\/div><div class=\"uvc-heading-spacer line_only\" style=\"margin-top:5px;margin-bottom:10px;height:3px;\"><span class=\"uvc-headings-line\" style=\"border-style:solid;border-bottom-width:3px;border-color:#6622aa;width:150px;\"><\/span><\/div><\/div><div class=\"ult-spacer spacer-69e93a9450c07\" data-id=\"69e93a9450c07\" data-height=\"30\" data-height-mobile=\"30\" data-height-tab=\"30\" data-height-tab-portrait=\"\" data-height-mobile-landscape=\"\" style=\"clear:both;display:block;\"><\/div><div class=\"wpb_text_column\" id=\"texto-color\"><div class=\"wpb_wrapper\"><p>Para Cachorros de 8 \u2013 12 semanas para unirse<\/p>\n<\/div><\/div><div class=\"ult-spacer spacer-69e93a9451121\" data-id=\"69e93a9451121\" data-height=\"30\" data-height-mobile=\"30\" data-height-tab=\"30\" data-height-tab-portrait=\"\" data-height-mobile-landscape=\"\" style=\"clear:both;display:block;\"><\/div><div class=\"wpb_text_column\"><div class=\"wpb_wrapper\"><p>Aqu\u00ed en Willow\u2019s Groomer creemos de todo coraz\u00f3n que la introducci\u00f3n al aseo de cualquier perro debe comenzar temprano en su vida. Esta exposici\u00f3n temprana permite aprender buenos comportamientos y proporciona una vida de disfrute en todo lo relacionado con el aseo. Este paquete est\u00e1 dise\u00f1ado y creado para mimar a tu cachorro y darte tranquilidad sabiendo que est\u00e1n recibiendo la experiencia completa de spa.<\/p>\n<p>Trata a tu cachorro con d\u00edas de spa ilimitados durante un per\u00edodo de 4 semanas. Recibir\u00e1n un ba\u00f1o relajante, facial de ar\u00e1ndano, limpieza de orejas, corte y limado de u\u00f1as, secado y recorte de las patas, \u00e1reas sanitarias, y entre y por encima de los ojos.<\/p>\n<\/div><\/div><\/div><\/div><div data-us-scroll=\"{&quot;from_initial_position&quot;:&quot;0&quot;,&quot;start_position&quot;:&quot;0%&quot;,&quot;end_position&quot;:&quot;50%&quot;,&quot;delay&quot;:&quot;0.1s&quot;,&quot;translate_x_direction&quot;:&quot;left&quot;,&quot;translate_x_speed&quot;:&quot;0.5x&quot;}\" class=\"wpb_column vc_column_container has_scroll_effects has_translate_x\"><div class=\"vc_column-inner\"><div class=\"w-image img-1 align_none\"><div class=\"w-image-h\"><img decoding=\"async\" width=\"900\" height=\"850\" src=\"https:\/\/willowsgroomer.com\/wp-content\/uploads\/2024\/06\/DOG-2.png\" class=\"attachment-large size-large\" alt=\"\" loading=\"lazy\" srcset=\"https:\/\/willowsgroomer.com\/wp-content\/uploads\/2024\/06\/DOG-2.png 900w, https:\/\/willowsgroomer.com\/wp-content\/uploads\/2024\/06\/DOG-2-300x283.png 300w\" sizes=\"auto, (max-width: 900px) 100vw, 900px\" \/><\/div><\/div><\/div><\/div><\/div><\/div><\/section><section class=\"l-section wpb_row height_medium with_shape\"><div class=\"l-section-overlay\" style=\"background:#6622aa\"><\/div><div class=\"l-section-shape type_wave pos_top on_front\" style=\"height:12vmin;\"><svg xmlns=\"http:\/\/www.w3.org\/2000\/svg\" viewBox=\"0 4 64 4\" preserveAspectRatio=\"none\" width=\"100%\" height=\"100%\">\r\n\t<path fill=\"currentColor\" d=\"M64 6 C32 0 32 12 0 6 L0 8 L64 8 Z\"\/>\r\n<\/svg><\/div><div class=\"l-section-h i-cf\"><div class=\"g-cols vc_row via_grid cols_1-4-1 laptops-cols_inherit tablets-cols_inherit mobiles-cols_1 valign_middle type_default stacking_default\"><div class=\"wpb_column vc_column_container\"><div class=\"vc_column-inner\"><\/div><\/div><div class=\"wpb_column vc_column_container\"><div class=\"vc_column-inner\"><div class=\"ult-spacer spacer-69e93a94538b4\" data-id=\"69e93a94538b4\" data-height=\"60\" data-height-mobile=\"60\" data-height-tab=\"60\" data-height-tab-portrait=\"\" data-height-mobile-landscape=\"\" style=\"clear:both;display:block;\"><\/div><div class=\"g-cols wpb_row via_grid cols_1 laptops-cols_inherit tablets-cols_inherit mobiles-cols_1 valign_top type_default stacking_default\" style=\"--gap:1rem;\" id=\"white-box\"><div class=\"wpb_column vc_column_container\"><div class=\"vc_column-inner\"><div class=\"wpb_text_column\"><div class=\"wpb_wrapper\"><h2>Este paquete tambi\u00e9n incluye:<\/h2>\n<\/div><\/div><div class=\"wpb_text_column\"><div class=\"wpb_wrapper\"><ul data-rte-list=\"default\">\n<li>una bolsa de 5 lb de comida para perros Fromm Gold Puppy.<\/li>\n<li>1 bolsa de golosinas suaves y masticables de Bocce Bakery.<\/li>\n<li>1 Benebone Maplestick para cachorros.<\/li>\n<\/ul>\n<\/div><\/div><div class=\"w-separator us_custom_e0245544 has_text_color size_medium with_line width_default thick_1 style_solid color_text align_center\"><div class=\"w-separator-h\"><\/div><\/div><div class=\"wpb_text_column\"><div class=\"wpb_wrapper\"><h3>Precios:<\/h3>\n<p><strong>Raza de perro peque\u00f1a a mediana: $160<\/strong><br \/>\n<strong>Raza de perro grande a XL O Raza de perro de pelo rizado: $190<\/strong><br \/>\n<em><br \/>\nEl precio se basa en la raza del perro, la edad y el tipo de pelo.<\/em><\/p>\n<\/div><\/div><\/div><\/div><\/div><div class=\"ult-spacer spacer-69e93a9454749\" data-id=\"69e93a9454749\" data-height=\"60\" data-height-mobile=\"60\" data-height-tab=\"60\" data-height-tab-portrait=\"\" data-height-mobile-landscape=\"\" style=\"clear:both;display:block;\"><\/div><\/div><\/div><div class=\"wpb_column vc_column_container\"><div class=\"vc_column-inner\"><\/div><\/div><\/div><\/div><\/section>\n","protected":false},"excerpt":{"rendered":"Paquete para Cachorros Para Cachorros de 8 \u2013 12 semanas para unirse Aqu\u00ed en Willow\u2019s Groomer creemos de todo coraz\u00f3n que la introducci\u00f3n al aseo de cualquier perro debe comenzar temprano en su vida. Esta exposici\u00f3n temprana permite aprender buenos comportamientos y proporciona una vida de disfrute en todo lo relacionado con el aseo. Este...","protected":false},"author":1,"featured_media":0,"parent":0,"menu_order":0,"comment_status":"closed","ping_status":"closed","template":"","meta":{"footnotes":""},"class_list":["post-669","page","type-page","status-publish","hentry"],"_links":{"self":[{"href":"https:\/\/willowsgroomer.com\/es\/wp-json\/wp\/v2\/pages\/669","targetHints":{"allow":["GET"]}}],"collection":[{"href":"https:\/\/willowsgroomer.com\/es\/wp-json\/wp\/v2\/pages"}],"about":[{"href":"https:\/\/willowsgroomer.com\/es\/wp-json\/wp\/v2\/types\/page"}],"author":[{"embeddable":true,"href":"https:\/\/willowsgroomer.com\/es\/wp-json\/wp\/v2\/users\/1"}],"replies":[{"embeddable":true,"href":"https:\/\/willowsgroomer.com\/es\/wp-json\/wp\/v2\/comments?post=669"}],"version-history":[{"count":9,"href":"https:\/\/willowsgroomer.com\/es\/wp-json\/wp\/v2\/pages\/669\/revisions"}],"predecessor-version":[{"id":1865,"href":"https:\/\/willowsgroomer.com\/es\/wp-json\/wp\/v2\/pages\/669\/revisions\/1865"}],"wp:attachment":[{"href":"https:\/\/willowsgroomer.com\/es\/wp-json\/wp\/v2\/media?parent=669"}],"curies":[{"name":"wp","href":"https:\/\/api.w.org\/{rel}","templated":true}]}}