{"id":658,"date":"2024-06-13T21:40:19","date_gmt":"2024-06-13T21:40:19","guid":{"rendered":"https:\/\/willowsgroomer.com\/?page_id=658"},"modified":"2025-03-12T19:32:51","modified_gmt":"2025-03-12T19:32:51","slug":"guinea-pigs-and-bunnies-2","status":"publish","type":"page","link":"https:\/\/willowsgroomer.com\/es\/guinea-pigs-and-bunnies-2\/","title":{"rendered":"Conejillos de Indias y Conejitos"},"content":{"rendered":"<section class=\"l-section wpb_row height_medium\"><div class=\"l-section-h i-cf\"><div class=\"g-cols vc_row via_grid cols_1-2 laptops-cols_inherit tablets-cols_inherit mobiles-cols_1 valign_middle type_default stacking_default\"><div class=\"wpb_column vc_column_container\"><div class=\"vc_column-inner\"><div class=\"w-image img-1 align_none\"><div class=\"w-image-h\"><img decoding=\"async\" width=\"900\" height=\"900\" src=\"https:\/\/willowsgroomer.com\/wp-content\/uploads\/2024\/06\/guinea-pigs.jpg\" class=\"attachment-large size-large\" alt=\"\" loading=\"lazy\" srcset=\"https:\/\/willowsgroomer.com\/wp-content\/uploads\/2024\/06\/guinea-pigs.jpg 900w, https:\/\/willowsgroomer.com\/wp-content\/uploads\/2024\/06\/guinea-pigs-300x300.jpg 300w, https:\/\/willowsgroomer.com\/wp-content\/uploads\/2024\/06\/guinea-pigs-150x150.jpg 150w\" sizes=\"auto, (max-width: 900px) 100vw, 900px\" \/><\/div><\/div><\/div><\/div><div class=\"wpb_column vc_column_container\"><div class=\"vc_column-inner\"><div class=\"ult-spacer spacer-69e939d94d17f\" data-id=\"69e939d94d17f\" data-height=\"\" data-height-mobile=\"\" data-height-tab=\"\" data-height-tab-portrait=\"\" data-height-mobile-landscape=\"\" style=\"clear:both;display:block;\"><\/div><div id=\"ultimate-heading-476069e939d94d218\" class=\"uvc-heading ult-adjust-bottom-margin ultimate-heading-476069e939d94d218 uvc-2598 \" data-hspacer=\"line_only\"  data-halign=\"left\" style=\"text-align:left\"><div class=\"uvc-sub-heading ult-responsive\"  data-ultimate-target='.uvc-heading.ultimate-heading-476069e939d94d218 .uvc-sub-heading '  data-responsive-json-new='{\"font-size\":\"\",\"line-height\":\"\"}'  style=\"font-weight:normal;\">\n<h1>Conejillos de Indias <span style=\"color: #6622aa;\">y Conejitos<\/span><\/h1>\n<\/div><div class=\"uvc-heading-spacer line_only\" style=\"margin-top:5px;margin-bottom:10px;height:3px;\"><span class=\"uvc-headings-line\" style=\"border-style:solid;border-bottom-width:3px;border-color:#6622aa;width:150px;\"><\/span><\/div><\/div><div class=\"ult-spacer spacer-69e939d94d288\" data-id=\"69e939d94d288\" data-height=\"30\" data-height-mobile=\"30\" data-height-tab=\"30\" data-height-tab-portrait=\"\" data-height-mobile-landscape=\"\" style=\"clear:both;display:block;\"><\/div><div class=\"wpb_text_column\"><div class=\"wpb_wrapper\"><p>Aunque no vemos demasiados conejillos de Indias y conejos, \u00a1al equipo de Willow\u2019s Groomer le encantar\u00eda ver el tuyo! Aqu\u00ed est\u00e1n algunos de los servicios que podemos ofrecerles:<\/p>\n<\/div><\/div><div class=\"wpb_text_column\"><div class=\"wpb_wrapper\"><h2>Servicios y precios<\/h2>\n<\/div><\/div><div class=\"wpb_text_column\"><div class=\"wpb_wrapper\"><p><strong>Mani-Pedi:<\/strong> recorte de u\u00f1as con limpieza de o\u00eddos <strong>$15<\/strong><br \/>\n<strong>Ba\u00f1o:<\/strong> ba\u00f1o seguro para conejillos de Indias, limpieza de o\u00eddos, recorte de u\u00f1as, cepillado y bandana <strong>$25+<\/strong><\/p>\n<\/div><\/div><\/div><\/div><\/div><\/div><\/section><section class=\"l-section wpb_row height_medium\"><div class=\"l-section-h i-cf\"><div class=\"g-cols vc_row via_grid cols_1 laptops-cols_inherit tablets-cols_inherit mobiles-cols_1 valign_top type_default stacking_default\"><div class=\"wpb_column vc_column_container\"><div class=\"vc_column-inner\"><div id=\"ult-carousel-53726842169e939d94e252\" class=\"ult-carousel-wrapper   ult_horizontal\" data-gutter=\"15\" data-rtl=\"false\" ><div class=\"ult-carousel-90025423669e939d94e1e6 \" ><div class=\"ult-item-wrap\" data-animation=\"animated no-animation\"><div class=\"w-image align_none\"><div class=\"w-image-h\"><img decoding=\"async\" width=\"300\" height=\"300\" src=\"https:\/\/willowsgroomer.com\/wp-content\/uploads\/2024\/06\/guinea-pigs-300x300.jpg\" class=\"attachment-medium size-medium\" alt=\"\" loading=\"lazy\" srcset=\"https:\/\/willowsgroomer.com\/wp-content\/uploads\/2024\/06\/guinea-pigs-300x300.jpg 300w, https:\/\/willowsgroomer.com\/wp-content\/uploads\/2024\/06\/guinea-pigs-150x150.jpg 150w, https:\/\/willowsgroomer.com\/wp-content\/uploads\/2024\/06\/guinea-pigs.jpg 900w\" sizes=\"auto, (max-width: 300px) 100vw, 300px\" \/><\/div><\/div><\/div><div class=\"ult-item-wrap\" data-animation=\"animated no-animation\"><div class=\"w-image align_none\"><div class=\"w-image-h\"><img decoding=\"async\" width=\"225\" height=\"300\" src=\"https:\/\/willowsgroomer.com\/wp-content\/uploads\/2024\/09\/WhatsApp-Image-2024-09-12-at-12.36.24-PM-225x300.webp\" class=\"attachment-medium size-medium\" alt=\"\" loading=\"lazy\" srcset=\"https:\/\/willowsgroomer.com\/wp-content\/uploads\/2024\/09\/WhatsApp-Image-2024-09-12-at-12.36.24-PM-225x300.webp 225w, https:\/\/willowsgroomer.com\/wp-content\/uploads\/2024\/09\/WhatsApp-Image-2024-09-12-at-12.36.24-PM-768x1024.webp 768w, https:\/\/willowsgroomer.com\/wp-content\/uploads\/2024\/09\/WhatsApp-Image-2024-09-12-at-12.36.24-PM.webp 1200w\" sizes=\"auto, (max-width: 225px) 100vw, 225px\" \/><\/div><\/div><\/div><div class=\"ult-item-wrap\" data-animation=\"animated no-animation\"><div class=\"w-image align_none\"><div class=\"w-image-h\"><img decoding=\"async\" width=\"300\" height=\"225\" src=\"https:\/\/willowsgroomer.com\/wp-content\/uploads\/2024\/09\/WhatsApp-Image-2024-09-12-at-12.36.37-PM-4-300x225.webp\" class=\"attachment-medium size-medium\" alt=\"\" loading=\"lazy\" srcset=\"https:\/\/willowsgroomer.com\/wp-content\/uploads\/2024\/09\/WhatsApp-Image-2024-09-12-at-12.36.37-PM-4-300x225.webp 300w, https:\/\/willowsgroomer.com\/wp-content\/uploads\/2024\/09\/WhatsApp-Image-2024-09-12-at-12.36.37-PM-4-1024x768.webp 1024w, https:\/\/willowsgroomer.com\/wp-content\/uploads\/2024\/09\/WhatsApp-Image-2024-09-12-at-12.36.37-PM-4.webp 1600w\" sizes=\"auto, (max-width: 300px) 100vw, 300px\" \/><\/div><\/div><\/div><\/div><\/div>\t\t\t<script type=\"text\/javascript\">\n\t\t\t\tjQuery(document).ready(function ($) {\n\t\t\t\t\tif( typeof jQuery('.ult-carousel-90025423669e939d94e1e6').slick == \"function\"){\n\t\t\t\t\t\t$('.ult-carousel-90025423669e939d94e1e6').slick({dots: true,autoplay: true,autoplaySpeed: \"5000\",speed: \"300\",infinite: true,arrows: true,nextArrow: '<button type=\"button\" role=\"button\" aria-label=\"Next\" style=\"color:#333333; font-size:20px;\" class=\"slick-next default\"><i class=\"ultsl-arrow-right4\"><\/i><\/button>',prevArrow: '<button type=\"button\" role=\"button\" aria-label=\"Previous\" style=\"color:#333333; font-size:20px;\" class=\"slick-prev default\"><i class=\"ultsl-arrow-left4\"><\/i><\/button>',slidesToScroll:3,slidesToShow:3,swipe: true,draggable: true,touchMove: true,pauseOnHover: true,pauseOnFocus: false,responsive: [\n\t\t\t\t\t\t\t{\n\t\t\t\t\t\t\t  breakpoint: 1026,\n\t\t\t\t\t\t\t  settings: {\n\t\t\t\t\t\t\t\tslidesToShow: 3,\n\t\t\t\t\t\t\t\tslidesToScroll: 3,  \n\t\t\t\t\t\t\t  }\n\t\t\t\t\t\t\t},\n\t\t\t\t\t\t\t{\n\t\t\t\t\t\t\t  breakpoint: 1025,\n\t\t\t\t\t\t\t  settings: {\n\t\t\t\t\t\t\t\tslidesToShow: 3,\n\t\t\t\t\t\t\t\tslidesToScroll: 3\n\t\t\t\t\t\t\t  }\n\t\t\t\t\t\t\t},\n\t\t\t\t\t\t\t{\n\t\t\t\t\t\t\t  breakpoint: 760,\n\t\t\t\t\t\t\t  settings: {\n\t\t\t\t\t\t\t\tslidesToShow: 2,\n\t\t\t\t\t\t\t\tslidesToScroll: 2\n\t\t\t\t\t\t\t  }\n\t\t\t\t\t\t\t}\n\t\t\t\t\t\t],pauseOnDotsHover: true,customPaging: function(slider, i) {\n                   return '<i type=\"button\" style= \"color:#333333;\" class=\"ultsl-record\" data-role=\"none\"><\/i>';\n                },});\n\t\t\t\t\t}\n\t\t\t\t});\n\t\t\t<\/script>\n\t\t\t<\/div><\/div><\/div><\/div><\/section>\n","protected":false},"excerpt":{"rendered":"Conejillos de Indias y Conejitos Aunque no vemos demasiados conejillos de Indias y conejos, \u00a1al equipo de Willow\u2019s Groomer le encantar\u00eda ver el tuyo! Aqu\u00ed est\u00e1n algunos de los servicios que podemos ofrecerles: Servicios y precios Mani-Pedi: recorte de u\u00f1as con limpieza de o\u00eddos $15 Ba\u00f1o: ba\u00f1o seguro para conejillos de Indias, limpieza de o\u00eddos,...","protected":false},"author":1,"featured_media":0,"parent":0,"menu_order":0,"comment_status":"closed","ping_status":"closed","template":"","meta":{"footnotes":""},"class_list":["post-658","page","type-page","status-publish","hentry"],"_links":{"self":[{"href":"https:\/\/willowsgroomer.com\/es\/wp-json\/wp\/v2\/pages\/658","targetHints":{"allow":["GET"]}}],"collection":[{"href":"https:\/\/willowsgroomer.com\/es\/wp-json\/wp\/v2\/pages"}],"about":[{"href":"https:\/\/willowsgroomer.com\/es\/wp-json\/wp\/v2\/types\/page"}],"author":[{"embeddable":true,"href":"https:\/\/willowsgroomer.com\/es\/wp-json\/wp\/v2\/users\/1"}],"replies":[{"embeddable":true,"href":"https:\/\/willowsgroomer.com\/es\/wp-json\/wp\/v2\/comments?post=658"}],"version-history":[{"count":10,"href":"https:\/\/willowsgroomer.com\/es\/wp-json\/wp\/v2\/pages\/658\/revisions"}],"predecessor-version":[{"id":1863,"href":"https:\/\/willowsgroomer.com\/es\/wp-json\/wp\/v2\/pages\/658\/revisions\/1863"}],"wp:attachment":[{"href":"https:\/\/willowsgroomer.com\/es\/wp-json\/wp\/v2\/media?parent=658"}],"curies":[{"name":"wp","href":"https:\/\/api.w.org\/{rel}","templated":true}]}}