{"id":650,"date":"2024-06-13T20:25:23","date_gmt":"2024-06-13T20:25:23","guid":{"rendered":"https:\/\/willowsgroomer.com\/?page_id=650"},"modified":"2025-03-14T17:56:27","modified_gmt":"2025-03-14T17:56:27","slug":"cat-grooming-services-2","status":"publish","type":"page","link":"https:\/\/willowsgroomer.com\/es\/cat-grooming-services-2\/","title":{"rendered":"Servicios de Peluquer\u00eda para Gatos"},"content":{"rendered":"<section class=\"l-section wpb_row height_medium\"><div class=\"l-section-h i-cf\"><div class=\"g-cols vc_row via_grid cols_1-2 laptops-cols_inherit tablets-cols_inherit mobiles-cols_1 valign_middle type_default stacking_default\"><div class=\"wpb_column vc_column_container\"><div class=\"vc_column-inner\"><div class=\"g-cols wpb_row via_grid cols_1 laptops-cols_inherit tablets-cols_inherit mobiles-cols_1 valign_top type_default stacking_default\" style=\"--gap:3rem;\" id=\"cat-box\"><div class=\"wpb_column vc_column_container\"><div class=\"vc_column-inner\"><div class=\"w-image img-1 align_none\"><div class=\"w-image-h\"><img decoding=\"async\" width=\"900\" height=\"900\" src=\"https:\/\/willowsgroomer.com\/wp-content\/uploads\/2024\/06\/cat-services-1.jpg\" class=\"attachment-large size-large\" alt=\"\" loading=\"lazy\" srcset=\"https:\/\/willowsgroomer.com\/wp-content\/uploads\/2024\/06\/cat-services-1.jpg 900w, https:\/\/willowsgroomer.com\/wp-content\/uploads\/2024\/06\/cat-services-1-300x300.jpg 300w, https:\/\/willowsgroomer.com\/wp-content\/uploads\/2024\/06\/cat-services-1-150x150.jpg 150w\" sizes=\"auto, (max-width: 900px) 100vw, 900px\" \/><\/div><\/div><div class=\"w-image img-2 align_none\"><div class=\"w-image-h\"><img decoding=\"async\" width=\"900\" height=\"900\" src=\"https:\/\/willowsgroomer.com\/wp-content\/uploads\/2024\/06\/cat-services-2.jpg\" class=\"attachment-large size-large\" alt=\"\" loading=\"lazy\" srcset=\"https:\/\/willowsgroomer.com\/wp-content\/uploads\/2024\/06\/cat-services-2.jpg 900w, https:\/\/willowsgroomer.com\/wp-content\/uploads\/2024\/06\/cat-services-2-300x300.jpg 300w, https:\/\/willowsgroomer.com\/wp-content\/uploads\/2024\/06\/cat-services-2-150x150.jpg 150w\" sizes=\"auto, (max-width: 900px) 100vw, 900px\" \/><\/div><\/div><\/div><\/div><\/div><\/div><\/div><div class=\"wpb_column vc_column_container\"><div class=\"vc_column-inner\"><div class=\"ult-spacer spacer-69e9238e449a3\" data-id=\"69e9238e449a3\" data-height=\"\" data-height-mobile=\"\" data-height-tab=\"\" data-height-tab-portrait=\"\" data-height-mobile-landscape=\"\" style=\"clear:both;display:block;\"><\/div><div id=\"ultimate-heading-422369e9238e44a14\" class=\"uvc-heading ult-adjust-bottom-margin ultimate-heading-422369e9238e44a14 uvc-1709 \" data-hspacer=\"line_only\"  data-halign=\"left\" style=\"text-align:left\"><div class=\"uvc-sub-heading ult-responsive\"  data-ultimate-target='.uvc-heading.ultimate-heading-422369e9238e44a14 .uvc-sub-heading '  data-responsive-json-new='{\"font-size\":\"\",\"line-height\":\"\"}'  style=\"font-weight:normal;\">\n<h1>Servicios todo incluido <span style=\"color: #6622aa;\">para gatos<\/span><\/h1>\n<\/div><div class=\"uvc-heading-spacer line_only\" style=\"margin-top:5px;margin-bottom:10px;height:3px;\"><span class=\"uvc-headings-line\" style=\"border-style:solid;border-bottom-width:3px;border-color:#6622aa;width:150px;\"><\/span><\/div><\/div><div class=\"ult-spacer spacer-69e9238e44aa3\" data-id=\"69e9238e44aa3\" data-height=\"30\" data-height-mobile=\"30\" data-height-tab=\"30\" data-height-tab-portrait=\"\" data-height-mobile-landscape=\"\" style=\"clear:both;display:block;\"><\/div><div class=\"w-tabs layout_hor style_modern switch_click has_scrolling\" style=\"--sections-title-size:1em\"><div class=\"w-tabs-list items_3 align_none\"><div class=\"w-tabs-list-h\"><button class=\"w-tabs-item active\" aria-controls=\"content-e113\" aria-expanded=\"false\"><span class=\"w-tabs-item-title\">Servicios de U\u00f1as<\/span><\/button><button class=\"w-tabs-item\" aria-controls=\"content-h2fa\" aria-expanded=\"false\"><span class=\"w-tabs-item-title\">Servicios de Ba\u00f1o<\/span><\/button><button class=\"w-tabs-item\" aria-controls=\"content-t5c2\" aria-expanded=\"false\"><span class=\"w-tabs-item-title\">Recortes, Cortes de Pelo y Otros Servicios<\/span><\/button><\/div><\/div><div class=\"w-tabs-sections titles-align_none icon_chevron cpos_right\"><div class=\"w-tabs-section active\" id=\"e113\"><button class=\"w-tabs-section-header active\" aria-controls=\"content-e113\" aria-expanded=\"true\"><div class=\"w-tabs-section-title\">Servicios de U\u00f1as<\/div><div class=\"w-tabs-section-control\"><\/div><\/button><div  class=\"w-tabs-section-content\" id=\"content-e113\"><div class=\"w-tabs-section-content-h i-cf\"><div class=\"wpb_text_column\"><div class=\"wpb_wrapper\"><p class=\"\"><strong>Mani-Pedi<\/strong>: Corte de u\u00f1as para gatos con limpieza de o\u00eddos y afeitado de almohadillas si es necesario $20 \/ $5 adicional por Polid\u00e1ctilo<\/p>\n<p class=\"\"><strong>Aplicaci\u00f3n de Soft Paws (se proporcionar\u00e1n las caps)<\/strong>: Solo delanteras $20 \/ Las 4 patas $30.<\/p>\n<\/div><\/div><\/div><\/div><\/div><div class=\"w-tabs-section\" id=\"h2fa\"><button class=\"w-tabs-section-header\" aria-controls=\"content-h2fa\" aria-expanded=\"false\"><div class=\"w-tabs-section-title\">Servicios de Ba\u00f1o<\/div><div class=\"w-tabs-section-control\"><\/div><\/button><div  class=\"w-tabs-section-content\" id=\"content-h2fa\"><div class=\"w-tabs-section-content-h i-cf\"><div class=\"wpb_text_column\"><div class=\"wpb_wrapper\"><p class=\"\"><strong>Pelaje Corto<\/strong>: incluye corte de u\u00f1as, limpieza de o\u00eddos, ba\u00f1o con productos para felinos, limpieza de cara, secado con toalla, secado a mano y desenredo $100.<\/p>\n<p class=\"\"><strong>Pelaje Largo<\/strong>: incluye corte de u\u00f1as, limpieza de o\u00eddos, ba\u00f1o con productos para felinos, limpieza de cara, secado con toalla, secado a mano y desenredo $130.<\/p>\n<\/div><\/div><\/div><\/div><\/div><div class=\"w-tabs-section\" id=\"t5c2\"><button class=\"w-tabs-section-header\" aria-controls=\"content-t5c2\" aria-expanded=\"false\"><div class=\"w-tabs-section-title\">Recortes, Cortes de Pelo y Otros Servicios<\/div><div class=\"w-tabs-section-control\"><\/div><\/button><div  class=\"w-tabs-section-content\" id=\"content-t5c2\"><div class=\"w-tabs-section-content-h i-cf\"><div class=\"wpb_text_column\"><div class=\"wpb_wrapper\"><h4>Debe a\u00f1adirse a un paquete de ba\u00f1o<\/h4>\n<p><strong>Corte de Le\u00f3n<\/strong>: Deja el pelaje en &#8216;botas&#8217;, por encima de la l\u00ednea del collar y un pom en la punta de la cola $40.<\/p>\n<p><strong>Corte de Peine \u00abRecorte de Oso de Peluche\u00bb<\/strong>: Acortamiento uniforme del pelaje sin afeitarlo por completo $50.<\/p>\n<p><strong>Recorte Sanitario<\/strong>: $10.<\/p>\n<p><strong>Recorte de Almohadillas<\/strong>: Acondiciona las patas recortando los pelos m\u00e1s largos entre los dedos $10.<\/p>\n<p><strong>Desenredo con Cepillo<\/strong>: Un cepillado adicional con una herramienta especial para gatos $20+.<\/p>\n<p><strong>Manejo Especial<\/strong>: Si tu gato es dif\u00edcil de manejar o tiene agresividad significativa $10+.<\/p>\n<p><strong>Eliminaci\u00f3n de Enredos<\/strong>: Afeitado y eliminaci\u00f3n de enredos $25+.<\/p>\n<p><em><strong>Los precios pueden variar seg\u00fan el tama\u00f1o, la raza y el estado del gato. <\/strong><\/em><\/p>\n<\/div><\/div><\/div><\/div><\/div><\/div><\/div><div class=\"ult-spacer spacer-69e9238e45a40\" data-id=\"69e9238e45a40\" data-height=\"30\" data-height-mobile=\"30\" data-height-tab=\"30\" data-height-tab-portrait=\"\" data-height-mobile-landscape=\"\" style=\"clear:both;display:block;\"><\/div><div class=\"wpb_text_column box-text\"><div class=\"wpb_wrapper\"><h4><em>Todos los gatos deben tener las vacunas FVRCP y de Rabia al d\u00eda, as\u00ed como un <a href=\"https:\/\/willowsgroomer.com\/wp-content\/uploads\/2024\/06\/Grooming-Enrollment-Cat-Form-Waiver_Updated_2023-01-18_Optimized.pdf\">Formulario de Inscripci\u00f3n para Gatos<\/a>.<\/em><\/h4>\n<\/div><\/div><div class=\"ult-spacer spacer-69e9238e45bcc\" data-id=\"69e9238e45bcc\" data-height=\"30\" data-height-mobile=\"30\" data-height-tab=\"30\" data-height-tab-portrait=\"\" data-height-mobile-landscape=\"\" style=\"clear:both;display:block;\"><\/div><div class=\"wpb_text_column\"><div class=\"wpb_wrapper\"><h4><strong>Visita nuestra p\u00e1gina de la <a href=\"https:\/\/willowsgroomer.com\/es\/cats-first-appointment\/\">Primera Cita de Gatos<\/a> para consejos sobre tu primera visita.<\/strong><\/h4>\n<\/div><\/div><div class=\"ult-spacer spacer-69e9238e45d4b\" data-id=\"69e9238e45d4b\" data-height=\"30\" data-height-mobile=\"30\" data-height-tab=\"30\" data-height-tab-portrait=\"\" data-height-mobile-landscape=\"\" style=\"clear:both;display:block;\"><\/div><div class=\"w-btn-wrapper align_none\"><a class=\"w-btn us-btn-style_1\" href=\"https:\/\/willowsgroomer.com\/es\/appointment-booking\/\"><span class=\"w-btn-label\">RESERVAR AHORA<\/span><\/a><\/div><\/div><\/div><\/div><\/div><\/section><section class=\"l-section wpb_row height_medium with_shape\"><div class=\"l-section-overlay\" style=\"background:#6622aa\"><\/div><div class=\"l-section-shape type_wave pos_top on_front\" style=\"height:12vmin;\"><svg xmlns=\"http:\/\/www.w3.org\/2000\/svg\" viewBox=\"0 4 64 4\" preserveAspectRatio=\"none\" width=\"100%\" height=\"100%\">\r\n\t<path fill=\"currentColor\" d=\"M64 6 C32 0 32 12 0 6 L0 8 L64 8 Z\"\/>\r\n<\/svg><\/div><div class=\"l-section-shape type_wave pos_bottom on_front\" style=\"height:12vmin;\"><svg xmlns=\"http:\/\/www.w3.org\/2000\/svg\" viewBox=\"0 4 64 4\" preserveAspectRatio=\"none\" width=\"100%\" height=\"100%\">\r\n\t<path fill=\"currentColor\" d=\"M64 6 C32 0 32 12 0 6 L0 8 L64 8 Z\"\/>\r\n<\/svg><\/div><div class=\"l-section-h i-cf\"><div class=\"g-cols vc_row via_grid cols_1-4-1 laptops-cols_inherit tablets-cols_inherit mobiles-cols_1 valign_middle type_default stacking_default\"><div class=\"wpb_column vc_column_container\"><div class=\"vc_column-inner\"><\/div><\/div><div class=\"wpb_column vc_column_container\"><div class=\"vc_column-inner\"><div class=\"ult-spacer spacer-69e9238e46a55\" data-id=\"69e9238e46a55\" data-height=\"60\" data-height-mobile=\"60\" data-height-tab=\"60\" data-height-tab-portrait=\"\" data-height-mobile-landscape=\"\" style=\"clear:both;display:block;\"><\/div><div class=\"g-cols wpb_row via_grid cols_1 laptops-cols_inherit tablets-cols_inherit mobiles-cols_1 valign_top type_default stacking_default\" style=\"--gap:1rem;\" id=\"white-box\"><div class=\"wpb_column vc_column_container\"><div class=\"vc_column-inner\"><div class=\"wpb_text_column\"><div class=\"wpb_wrapper\"><h5>El equipo de peluqueros de Willow se enorgullece de ofrecer una suite exclusiva de peluquer\u00eda para gatos a nuestros clientes felinos.<\/h5>\n<\/div><\/div><div class=\"ult-spacer spacer-69e9238e46e32\" data-id=\"69e9238e46e32\" data-height=\"30\" data-height-mobile=\"30\" data-height-tab=\"30\" data-height-tab-portrait=\"\" data-height-mobile-landscape=\"\" style=\"clear:both;display:block;\"><\/div><div class=\"wpb_text_column\"><div class=\"wpb_wrapper\"><p>Quien haya sido parte de la familia de Willow\u2019s Groomer sabe que nuestro objetivo es hacer que los clientes se sientan como en familia. Siempre tratamos a tu mascota como si fuera una de las nuestras y queremos que tu mascota luzca y se sienta incre\u00edble. Tambi\u00e9n queremos ofrecer esto a nuestros clientes felinos al proporcionar una suite exclusiva de peluquer\u00eda para gatos, alejada de nuestros clientes caninos, para reducir el estr\u00e9s y ofrecer la experiencia de peluquer\u00eda ideal. \u00a1Exclusividad Felina!<\/p>\n<\/div><\/div><\/div><\/div><\/div><div class=\"ult-spacer spacer-69e9238e46fcf\" data-id=\"69e9238e46fcf\" data-height=\"60\" data-height-mobile=\"60\" data-height-tab=\"60\" data-height-tab-portrait=\"\" data-height-mobile-landscape=\"\" style=\"clear:both;display:block;\"><\/div><\/div><\/div><div class=\"wpb_column vc_column_container\"><div class=\"vc_column-inner\"><\/div><\/div><\/div><\/div><\/section><section class=\"l-section wpb_row us_custom_f658a1ad height_medium with_img with_shape\" id=\"about\"><div class=\"l-section-img\" role=\"img\" data-img-width=\"2000\" data-img-height=\"880\" style=\"background-image: url(https:\/\/willowsgroomer.com\/wp-content\/uploads\/2024\/06\/background-3-1.jpg);\"><\/div><div class=\"l-section-shape type_wave pos_bottom on_front hor_flip\" style=\"height:15vmin;color:#361259\"><svg xmlns=\"http:\/\/www.w3.org\/2000\/svg\" viewBox=\"0 4 64 4\" preserveAspectRatio=\"none\" width=\"100%\" height=\"100%\">\r\n\t<path fill=\"currentColor\" d=\"M64 6 C32 0 32 12 0 6 L0 8 L64 8 Z\"\/>\r\n<\/svg><\/div><div class=\"l-section-h i-cf\"><div class=\"g-cols vc_row via_grid cols_2 laptops-cols_inherit tablets-cols_inherit mobiles-cols_1 valign_middle type_default stacking_default\"><div class=\"wpb_column vc_column_container us_custom_8f7b07a9 us_animate_this\"><div class=\"vc_column-inner\"><div class=\"wpb_text_column\"><div class=\"wpb_wrapper\"><h5>Los gatos requieren una experiencia de peluquer\u00eda diferente a la de los perros\u2026<\/h5>\n<\/div><\/div><div class=\"ult-spacer spacer-69e9238e4777e\" data-id=\"69e9238e4777e\" data-height=\"30\" data-height-mobile=\"30\" data-height-tab=\"30\" data-height-tab-portrait=\"\" data-height-mobile-landscape=\"\" style=\"clear:both;display:block;\"><\/div><div class=\"wpb_text_column\"><div class=\"wpb_wrapper\"><p>El cuidado de los gatos sigue el mismo proceso general que el de los perros. Involucra agua, champ\u00fas, productos para el pelo, secado y, a veces, corte de pelo. Sin embargo, cualquiera que haya intentado llevar a cabo estas tareas con un gato sabe que no es la misma experiencia. Los gatos son menos propensos a cooperar y m\u00e1s dispuestos a desquitarse con las personas. Un conocimiento adecuado sobre el comportamiento, la salud y el manejo de los gatos es vital para cualquier peluquero felino. \u00a1En Willow\u2019s lo hacemos con excelencia!<\/p>\n<\/div><\/div><\/div><\/div><div class=\"wpb_column vc_column_container us_custom_b5bd4ca3 us_animate_this\"><div class=\"vc_column-inner\"><div class=\"w-image img-1 align_none\"><div class=\"w-image-h\"><img decoding=\"async\" width=\"900\" height=\"900\" src=\"https:\/\/willowsgroomer.com\/wp-content\/uploads\/2024\/06\/cat-section.jpg\" class=\"attachment-large size-large\" alt=\"\" loading=\"lazy\" srcset=\"https:\/\/willowsgroomer.com\/wp-content\/uploads\/2024\/06\/cat-section.jpg 900w, https:\/\/willowsgroomer.com\/wp-content\/uploads\/2024\/06\/cat-section-300x300.jpg 300w, https:\/\/willowsgroomer.com\/wp-content\/uploads\/2024\/06\/cat-section-150x150.jpg 150w\" sizes=\"auto, (max-width: 900px) 100vw, 900px\" \/><\/div><\/div><\/div><\/div><\/div><\/div><\/section>\n","protected":false},"excerpt":{"rendered":"Servicios todo incluido para gatos Servicios de U\u00f1asServicios de Ba\u00f1oRecortes, Cortes de Pelo y Otros ServiciosServicios de U\u00f1asMani-Pedi: Corte de u\u00f1as para gatos con limpieza de o\u00eddos y afeitado de almohadillas si es necesario $20 \/ $5 adicional por Polid\u00e1ctilo Aplicaci\u00f3n de Soft Paws (se proporcionar\u00e1n las caps): Solo delanteras $20 \/ Las 4 patas...","protected":false},"author":1,"featured_media":0,"parent":0,"menu_order":0,"comment_status":"closed","ping_status":"closed","template":"","meta":{"footnotes":""},"class_list":["post-650","page","type-page","status-publish","hentry"],"_links":{"self":[{"href":"https:\/\/willowsgroomer.com\/es\/wp-json\/wp\/v2\/pages\/650","targetHints":{"allow":["GET"]}}],"collection":[{"href":"https:\/\/willowsgroomer.com\/es\/wp-json\/wp\/v2\/pages"}],"about":[{"href":"https:\/\/willowsgroomer.com\/es\/wp-json\/wp\/v2\/types\/page"}],"author":[{"embeddable":true,"href":"https:\/\/willowsgroomer.com\/es\/wp-json\/wp\/v2\/users\/1"}],"replies":[{"embeddable":true,"href":"https:\/\/willowsgroomer.com\/es\/wp-json\/wp\/v2\/comments?post=650"}],"version-history":[{"count":27,"href":"https:\/\/willowsgroomer.com\/es\/wp-json\/wp\/v2\/pages\/650\/revisions"}],"predecessor-version":[{"id":1926,"href":"https:\/\/willowsgroomer.com\/es\/wp-json\/wp\/v2\/pages\/650\/revisions\/1926"}],"wp:attachment":[{"href":"https:\/\/willowsgroomer.com\/es\/wp-json\/wp\/v2\/media?parent=650"}],"curies":[{"name":"wp","href":"https:\/\/api.w.org\/{rel}","templated":true}]}}