{"id":637,"date":"2024-06-13T21:05:15","date_gmt":"2024-06-13T21:05:15","guid":{"rendered":"https:\/\/willowsgroomer.com\/?page_id=637"},"modified":"2025-03-14T18:13:52","modified_gmt":"2025-03-14T18:13:52","slug":"dogs-first-appointment-2","status":"publish","type":"page","link":"https:\/\/willowsgroomer.com\/es\/dogs-first-appointment-2\/","title":{"rendered":"Primera cita para perros"},"content":{"rendered":"<section class=\"l-section wpb_row height_medium\" id=\"first\"><div class=\"l-section-h i-cf\"><div class=\"g-cols vc_row via_grid cols_1 laptops-cols_inherit tablets-cols_inherit mobiles-cols_1 valign_middle type_default stacking_default\"><div class=\"wpb_column vc_column_container\"><div class=\"vc_column-inner\"><div class=\"ult-spacer spacer-69e9239d685a1\" data-id=\"69e9239d685a1\" data-height=\"\" data-height-mobile=\"\" data-height-tab=\"\" data-height-tab-portrait=\"\" data-height-mobile-landscape=\"\" style=\"clear:both;display:block;\"><\/div><div id=\"ultimate-heading-244669e9239d68610\" class=\"uvc-heading ult-adjust-bottom-margin ultimate-heading-244669e9239d68610 uvc-1838 \" data-hspacer=\"line_only\"  data-halign=\"left\" style=\"text-align:left\"><div class=\"uvc-sub-heading ult-responsive\"  data-ultimate-target='.uvc-heading.ultimate-heading-244669e9239d68610 .uvc-sub-heading '  data-responsive-json-new='{\"font-size\":\"\",\"line-height\":\"\"}'  style=\"font-weight:normal;\">\n<h1>La primera cita <span style=\"color: #6622aa;\">del perro<\/span><\/h1>\n<\/div><div class=\"uvc-heading-spacer line_only\" style=\"margin-top:5px;margin-bottom:10px;height:3px;\"><span class=\"uvc-headings-line\" style=\"border-style:solid;border-bottom-width:3px;border-color:#6622aa;width:150px;\"><\/span><\/div><\/div><div class=\"ult-spacer spacer-69e9239d68670\" data-id=\"69e9239d68670\" data-height=\"30\" data-height-mobile=\"30\" data-height-tab=\"30\" data-height-tab-portrait=\"\" data-height-mobile-landscape=\"\" style=\"clear:both;display:block;\"><\/div><div class=\"wpb_text_column\"><div class=\"wpb_wrapper\"><p>\u00a1Estamos muy emocionados de que haya decidido probar Willow&#8217;s Groomer! \u00a1El equipo de Willow&#8217;s Groomer est\u00e1 ansioso por conocerte! Antes de su primera cita, aqu\u00ed hay algunas cosas que puede hacer para que su registro sea un poco m\u00e1s corto y sencillo.<\/p>\n<\/div><\/div><div class=\"ult-spacer spacer-69e9239d68993\" data-id=\"69e9239d68993\" data-height=\"30\" data-height-mobile=\"30\" data-height-tab=\"30\" data-height-tab-portrait=\"\" data-height-mobile-landscape=\"\" style=\"clear:both;display:block;\"><\/div><div class=\"g-cols wpb_row via_grid cols_3 laptops-cols_inherit tablets-cols_inherit mobiles-cols_1 valign_top type_default stacking_default\" style=\"--gap:3rem;\"><div class=\"wpb_column vc_column_container\"><div class=\"vc_column-inner\"><div class=\"aio-icon-component    style_1\"><div id=\"Info-box-wrap-3032\" class=\"aio-icon-box top-icon\" style=\"\"  ><div class=\"aio-icon-top\"><div class=\"ult-just-icon-wrapper  \"><div class=\"align-icon\" style=\"text-align:center;\">\n<div class=\"aio-icon-img \" style=\"font-size:58px;display:inline-block;\" >\n\t<img decoding=\"async\" class=\"img-icon\" alt=\"null\" src=\"https:\/\/willowsgroomer.com\/wp-content\/uploads\/2024\/06\/vaccine-1.png\"\/>\n<\/div><\/div><\/div><\/div><div class=\"aio-icon-header\" ><h3 class=\"aio-icon-title ult-responsive\"  data-ultimate-target='#Info-box-wrap-3032 .aio-icon-title'  data-responsive-json-new='{\"font-size\":\"\",\"line-height\":\"\"}'  style=\"\">Prueba de vacunas:<\/h3><\/div> <!-- header --><div class=\"aio-icon-description ult-responsive\"  data-ultimate-target='#Info-box-wrap-3032 .aio-icon-description'  data-responsive-json-new='{\"font-size\":\"\",\"line-height\":\"\"}'  style=\"\">Antes de que nuestro equipo pueda comenzar a trabajar con su beb\u00e9 peludo, necesitaremos ver la fecha de vencimiento de la vacuna contra la rabia. (Desafortunadamente, la etiqueta contra la rabia es insuficiente porque no podemos saber el mes y el d\u00eda en que vence la pr\u00f3xima vez). Puede traer una copia impresa que muestre la pr\u00f3xima fecha de vencimiento a su cita, o puede enviarla antes a nuestro correo <a href=\"mailto:willowsgroomer@gmail.com\">electr\u00f3nico<\/a>.<\/div> <!-- description --><\/div> <!-- aio-icon-box --><\/div> <!-- aio-icon-component --><\/div><\/div><div class=\"wpb_column vc_column_container\"><div class=\"vc_column-inner\"><div class=\"aio-icon-component    style_1\"><div id=\"Info-box-wrap-7395\" class=\"aio-icon-box top-icon\" style=\"\"  ><div class=\"aio-icon-top\"><div class=\"ult-just-icon-wrapper  \"><div class=\"align-icon\" style=\"text-align:center;\">\n<div class=\"aio-icon-img \" style=\"font-size:58px;display:inline-block;\" >\n\t<img decoding=\"async\" class=\"img-icon\" alt=\"null\" src=\"https:\/\/willowsgroomer.com\/wp-content\/uploads\/2024\/06\/contact-form.png\"\/>\n<\/div><\/div><\/div><\/div><div class=\"aio-icon-header\" ><h3 class=\"aio-icon-title ult-responsive\"  data-ultimate-target='#Info-box-wrap-7395 .aio-icon-title'  data-responsive-json-new='{\"font-size\":\"\",\"line-height\":\"\"}'  style=\"\">Rellene nuestro formulario de inscripci\u00f3n:<\/h3><\/div> <!-- header --><div class=\"aio-icon-description ult-responsive\"  data-ultimate-target='#Info-box-wrap-7395 .aio-icon-description'  data-responsive-json-new='{\"font-size\":\"\",\"line-height\":\"\"}'  style=\"\">La peluquer\u00eda es un proceso muy personal, y nos gustar\u00eda saber todo lo que podamos sobre su perro. Este formulario permite que eso suceda y le dar\u00e1 algunos detalles adicionales sobre algunas de nuestras pol\u00edticas. Puede rellenarlo antes de su cita, envi\u00e1rnoslo rellenado por correo electr\u00f3nico o imprimirlo y traerlo a su primera visita. Usted puede encontrar nuestro formulario de inscripci\u00f3n <a href=\"https:\/\/willowsgroomer.com\/wp-content\/uploads\/2025\/03\/Grooming-Enrollment-Form-Waiver_Updated_2023-01-18_Optimized.pdf\">AQU\u00cd<\/a>. \u00a1El equipo de Willow&#8217;s Groomer est\u00e1 siempre disponible para responder a cualquier pregunta que pueda tener al respecto!<\/div> <!-- description --><\/div> <!-- aio-icon-box --><\/div> <!-- aio-icon-component --><\/div><\/div><div class=\"wpb_column vc_column_container\"><div class=\"vc_column-inner\"><div class=\"aio-icon-component    style_1\"><div id=\"Info-box-wrap-3153\" class=\"aio-icon-box top-icon\" style=\"\"  ><div class=\"aio-icon-top\"><div class=\"ult-just-icon-wrapper  \"><div class=\"align-icon\" style=\"text-align:center;\">\n<div class=\"aio-icon-img \" style=\"font-size:58px;display:inline-block;\" >\n\t<img decoding=\"async\" class=\"img-icon\" alt=\"null\" src=\"https:\/\/willowsgroomer.com\/wp-content\/uploads\/2024\/06\/dog-1.png\"\/>\n<\/div><\/div><\/div><\/div><div class=\"aio-icon-header\" ><h3 class=\"aio-icon-title ult-responsive\"  data-ultimate-target='#Info-box-wrap-3153 .aio-icon-title'  data-responsive-json-new='{\"font-size\":\"\",\"line-height\":\"\"}'  style=\"\">\u00bfRecibiendo un corte de pelo?<\/h3><\/div> <!-- header --><div class=\"aio-icon-description ult-responsive\"  data-ultimate-target='#Info-box-wrap-3153 .aio-icon-description'  data-responsive-json-new='{\"font-size\":\"\",\"line-height\":\"\"}'  style=\"\">Nos encanta ver a clientes con una idea de c\u00f3mo les gustar\u00eda ver a sus mascotas. A veces tenemos que modificar la foto que nos traiga para trabajar con el pelaje espec\u00edfico de su perro, pero haremos todo lo posible para que quede perfecto. Si\u00e9ntase libre de traer fotos, o simplemente ideas de lo que le gustar\u00eda que hici\u00e9ramos. Tambi\u00e9n nos ENCANTA ayudar a encontrar el corte de pelo m\u00e1s ideal para su mascota, as\u00ed que siempre puede dejarnos tener un poco de sesi\u00f3n creativa con usted cuando se registre.<\/div> <!-- description --><\/div> <!-- aio-icon-box --><\/div> <!-- aio-icon-component --><\/div><\/div><\/div><\/div><\/div><\/div><\/div><\/section><section class=\"l-section wpb_row height_medium with_shape\"><div class=\"l-section-overlay\" style=\"background:#6622aa\"><\/div><div class=\"l-section-shape type_wave pos_top on_front\" style=\"height:12vmin;\"><svg xmlns=\"http:\/\/www.w3.org\/2000\/svg\" viewBox=\"0 4 64 4\" preserveAspectRatio=\"none\" width=\"100%\" height=\"100%\">\r\n\t<path fill=\"currentColor\" d=\"M64 6 C32 0 32 12 0 6 L0 8 L64 8 Z\"\/>\r\n<\/svg><\/div><div class=\"l-section-shape type_wave pos_bottom on_front\" style=\"height:12vmin;\"><svg xmlns=\"http:\/\/www.w3.org\/2000\/svg\" viewBox=\"0 4 64 4\" preserveAspectRatio=\"none\" width=\"100%\" height=\"100%\">\r\n\t<path fill=\"currentColor\" d=\"M64 6 C32 0 32 12 0 6 L0 8 L64 8 Z\"\/>\r\n<\/svg><\/div><div class=\"l-section-h i-cf\"><div class=\"g-cols vc_row via_grid cols_1-4-1 laptops-cols_inherit tablets-cols_inherit mobiles-cols_1 valign_middle type_default stacking_default\"><div class=\"wpb_column vc_column_container\"><div class=\"vc_column-inner\"><\/div><\/div><div class=\"wpb_column vc_column_container\"><div class=\"vc_column-inner\"><div class=\"ult-spacer spacer-69e9239d6a58e\" data-id=\"69e9239d6a58e\" data-height=\"60\" data-height-mobile=\"60\" data-height-tab=\"60\" data-height-tab-portrait=\"\" data-height-mobile-landscape=\"\" style=\"clear:both;display:block;\"><\/div><div class=\"g-cols wpb_row via_grid cols_1 laptops-cols_inherit tablets-cols_inherit mobiles-cols_1 valign_top type_default stacking_default\" style=\"--gap:1rem;\" id=\"white-box\"><div class=\"wpb_column vc_column_container\"><div class=\"vc_column-inner\"><div class=\"wpb_text_column\"><div class=\"wpb_wrapper\"><h3>Cuando llegues<\/h3>\n<\/div><\/div><div class=\"ult-spacer spacer-69e9239d6aa86\" data-id=\"69e9239d6aa86\" data-height=\"30\" data-height-mobile=\"30\" data-height-tab=\"30\" data-height-tab-portrait=\"\" data-height-mobile-landscape=\"\" style=\"clear:both;display:block;\"><\/div><div class=\"wpb_text_column\"><div class=\"wpb_wrapper\"><p class=\"\">Ha llegado el gran d\u00eda, te est\u00e1s preparando para entrar en nuestro hermoso estacionamiento. A continuaci\u00f3n se ofrecen algunos consejos \u00fatiles antes de saltar del coche y entrar:<\/p>\n<ul data-rte-list=\"default\">\n<li>\n<p class=\"\">Nuestra tienda est\u00e1 ubicada en una calle muy transitada. Recomendamos encarecidamente el uso de correas y asegurarse de tener control sobre su perro antes de salir del coche. \u00a1Es posible que incluso desees volver a verificar que el collar o el arn\u00e9s de tu perro a\u00fan le queden bien!<\/p>\n<\/li>\n<li>\n<p class=\"\">\u00a1Los perros se divertir\u00e1n m\u00e1s con nosotros si no tienen que ir al ba\u00f1o! Llegue un poco temprano y lleve a su perro a ir al ba\u00f1o. Tener que ir al ba\u00f1o durante un d\u00eda de spa no es divertido para nadie y agradecer\u00edamos no tener que detener la fiesta para ir al ba\u00f1o. Si su perro pasa por el n\u00famero 2 afuera de nuestra tienda, tenemos un pr\u00e1ctico contenedor de basura en el frente de nuestro porche y le agradecer\u00edamos que recoja los excrementos de su perro. \u00bfOlvidaste tus pr\u00e1cticas bolsas para excrementos? <strong>\u00a1SIN MIEDO!<\/strong> Nuestra maravillosa recepcionista interna puede entregarle uno (por nuestra cuenta) para que pueda ocuparse de los asuntos de su perro.<\/p>\n<\/li>\n<\/ul>\n<\/div><\/div><\/div><\/div><\/div><div class=\"ult-spacer spacer-69e9239d6ad6a\" data-id=\"69e9239d6ad6a\" data-height=\"60\" data-height-mobile=\"60\" data-height-tab=\"60\" data-height-tab-portrait=\"\" data-height-mobile-landscape=\"\" style=\"clear:both;display:block;\"><\/div><\/div><\/div><div class=\"wpb_column vc_column_container\"><div class=\"vc_column-inner\"><\/div><\/div><\/div><\/div><\/section><section class=\"l-section wpb_row us_custom_f658a1ad height_medium with_img with_shape\" id=\"about\"><div class=\"l-section-img\" role=\"img\" data-img-width=\"2000\" data-img-height=\"880\" style=\"background-image: url(https:\/\/willowsgroomer.com\/wp-content\/uploads\/2024\/06\/background-3-1.jpg);\"><\/div><div class=\"l-section-shape type_wave pos_bottom on_front hor_flip\" style=\"height:15vmin;color:#361259\"><svg xmlns=\"http:\/\/www.w3.org\/2000\/svg\" viewBox=\"0 4 64 4\" preserveAspectRatio=\"none\" width=\"100%\" height=\"100%\">\r\n\t<path fill=\"currentColor\" d=\"M64 6 C32 0 32 12 0 6 L0 8 L64 8 Z\"\/>\r\n<\/svg><\/div><div class=\"l-section-h i-cf\"><div class=\"g-cols vc_row via_grid cols_2 laptops-cols_inherit tablets-cols_inherit mobiles-cols_1 valign_middle type_default stacking_default\"><div class=\"wpb_column vc_column_container us_custom_8f7b07a9 us_animate_this\"><div class=\"vc_column-inner\"><div class=\"wpb_text_column\"><div class=\"wpb_wrapper\"><div class=\"w-image img-1 align_none\"><div class=\"w-image-h\"><img decoding=\"async\" width=\"900\" height=\"900\" src=\"https:\/\/willowsgroomer.com\/wp-content\/uploads\/2024\/06\/door-1.jpg\" class=\"attachment-large size-large\" alt=\"\" loading=\"lazy\" srcset=\"https:\/\/willowsgroomer.com\/wp-content\/uploads\/2024\/06\/door-1.jpg 900w, https:\/\/willowsgroomer.com\/wp-content\/uploads\/2024\/06\/door-1-300x300.jpg 300w, https:\/\/willowsgroomer.com\/wp-content\/uploads\/2024\/06\/door-1-150x150.jpg 150w\" sizes=\"auto, (max-width: 900px) 100vw, 900px\" \/><\/div><\/div>\n<\/div><\/div><\/div><\/div><div class=\"wpb_column vc_column_container us_custom_b5bd4ca3 us_animate_this\"><div class=\"vc_column-inner\"><div class=\"wpb_text_column\"><div class=\"wpb_wrapper\"><h5>Dirigirse al interior y registrarse<\/h5>\n<\/div><\/div><div class=\"ult-spacer spacer-69e9239d6d50d\" data-id=\"69e9239d6d50d\" data-height=\"30\" data-height-mobile=\"30\" data-height-tab=\"30\" data-height-tab-portrait=\"\" data-height-mobile-landscape=\"\" style=\"clear:both;display:block;\"><\/div><div class=\"wpb_text_column\"><div class=\"wpb_wrapper\"><p>Una vez que su(s) mascota(s) haya(n) ido al ba\u00f1o, \u00a1es hora de entrar para registrarla! Juliana, nuestra recepcionista lo recibir\u00e1 con una c\u00e1lida bienvenida y comenzar\u00e1 su proceso de check-in. Primero, nos aseguraremos de tener un buen n\u00famero de tel\u00e9fono al que llamar para recogerlo. Guardar nuestro n\u00famero de tel\u00e9fono en su tel\u00e9fono puede facilitar a\u00fan m\u00e1s la recogida de llamadas. Luego, Juliana confirmar\u00e1 los servicios contigo y repasar\u00e1 lo que est\u00e1 incluido. Este es un buen momento para agregar cualquiera de nuestros <a href=\"https:\/\/willowsgroomer.com\/es\/add-ons-2\/\">complementos<\/a>, \u00a1as\u00ed que aseg\u00farese de revisarlos! Luego confirmaremos que tenemos la fecha l\u00edmite de la vacuna contra la rabia en nuestro sistema y que ha completado nuestro <a href=\"https:\/\/willowsgroomer.com\/wp-content\/uploads\/2025\/03\/Grooming-Enrollment-Form-Waiver_Updated_2023-01-18_Optimized.pdf\">formulario de inscripci\u00f3n<\/a>. Una vez que hayamos confirmado todo eso, haremos que su peluquero se acerque para tener una consulta individual sobre el corte de pelo de su mascota. Si su mascota solo est\u00e1 aqu\u00ed para un paquete de ba\u00f1o de lujo, Juliana u otro miembro del equipo se llevar\u00e1 a su mascota para comenzar la diversi\u00f3n.<\/p>\n<\/div><\/div><\/div><\/div><\/div><\/div><\/section>\n","protected":false},"excerpt":{"rendered":"La primera cita del perro \u00a1Estamos muy emocionados de que haya decidido probar Willow&#8217;s Groomer! \u00a1El equipo de Willow&#8217;s Groomer est\u00e1 ansioso por conocerte! Antes de su primera cita, aqu\u00ed hay algunas cosas que puede hacer para que su registro sea un poco m\u00e1s corto y sencillo. Prueba de vacunas: Antes de que nuestro equipo...","protected":false},"author":1,"featured_media":0,"parent":0,"menu_order":0,"comment_status":"closed","ping_status":"closed","template":"","meta":{"footnotes":""},"class_list":["post-637","page","type-page","status-publish","hentry"],"_links":{"self":[{"href":"https:\/\/willowsgroomer.com\/es\/wp-json\/wp\/v2\/pages\/637","targetHints":{"allow":["GET"]}}],"collection":[{"href":"https:\/\/willowsgroomer.com\/es\/wp-json\/wp\/v2\/pages"}],"about":[{"href":"https:\/\/willowsgroomer.com\/es\/wp-json\/wp\/v2\/types\/page"}],"author":[{"embeddable":true,"href":"https:\/\/willowsgroomer.com\/es\/wp-json\/wp\/v2\/users\/1"}],"replies":[{"embeddable":true,"href":"https:\/\/willowsgroomer.com\/es\/wp-json\/wp\/v2\/comments?post=637"}],"version-history":[{"count":16,"href":"https:\/\/willowsgroomer.com\/es\/wp-json\/wp\/v2\/pages\/637\/revisions"}],"predecessor-version":[{"id":1930,"href":"https:\/\/willowsgroomer.com\/es\/wp-json\/wp\/v2\/pages\/637\/revisions\/1930"}],"wp:attachment":[{"href":"https:\/\/willowsgroomer.com\/es\/wp-json\/wp\/v2\/media?parent=637"}],"curies":[{"name":"wp","href":"https:\/\/api.w.org\/{rel}","templated":true}]}}