{"id":626,"date":"2024-06-13T21:27:30","date_gmt":"2024-06-13T21:27:30","guid":{"rendered":"https:\/\/willowsgroomer.com\/?page_id=626"},"modified":"2025-03-14T17:41:27","modified_gmt":"2025-03-14T17:41:27","slug":"cats-first-appointment","status":"publish","type":"page","link":"https:\/\/willowsgroomer.com\/es\/cats-first-appointment\/","title":{"rendered":"Primera cita para gatos"},"content":{"rendered":"<section class=\"l-section wpb_row us_custom_e11ab399 height_medium\"><div class=\"l-section-h i-cf\"><div class=\"g-cols vc_row via_grid cols_1-4-1 laptops-cols_inherit tablets-cols_inherit mobiles-cols_1 valign_top type_default stacking_default\"><div class=\"wpb_column vc_column_container\"><div class=\"vc_column-inner\"><\/div><\/div><div class=\"wpb_column vc_column_container\"><div class=\"vc_column-inner\"><div id=\"ultimate-heading-66569e93a57b4f61\" class=\"uvc-heading ult-adjust-bottom-margin ultimate-heading-66569e93a57b4f61 uvc-6857 \" data-hspacer=\"line_only\"  data-halign=\"center\" style=\"text-align:center\"><div class=\"uvc-sub-heading ult-responsive\"  data-ultimate-target='.uvc-heading.ultimate-heading-66569e93a57b4f61 .uvc-sub-heading '  data-responsive-json-new='{\"font-size\":\"\",\"line-height\":\"\"}'  style=\"font-weight:normal;\">\n<p style=\"margin: 0px; padding: 0px;\">Los gatos necesitan un cuidado<\/p>\n<h1 style=\"margin-top: 0px; padding-top: 0px;\">diferente <span style=\"color: #6622aa;\">al de los perros<\/span><\/h1>\n<\/div><div class=\"uvc-heading-spacer line_only\" style=\"margin-top:5px;margin-bottom:10px;height:3px;\"><span class=\"uvc-headings-line\" style=\"border-style:solid;border-bottom-width:3px;border-color:#6622aa;width:150px;\"><\/span><\/div><\/div><div class=\"wpb_text_column\"><div class=\"wpb_wrapper\"><p style=\"text-align: center;\">El aseo para gatos sigue el mismo proceso general que para perros. Involucra agua, champ\u00fas, productos para el pelo, secado y, a veces, corte de pelo. Sin embargo, cualquiera que haya intentado realizar esas tareas con un gato sabe que no es la misma experiencia. Los gatos est\u00e1n menos dispuestos a cooperar y m\u00e1s dispuestos a descargar su frustraci\u00f3n en las personas. Un conocimiento adecuado del comportamiento, la salud y el manejo de los gatos es vital para cualquier peluquero de gatos. \u00a1En Willows lo hacemos con excelencia!<\/p>\n<\/div><\/div><\/div><\/div><div class=\"wpb_column vc_column_container\"><div class=\"vc_column-inner\"><\/div><\/div><\/div><\/div><\/section><section class=\"l-section wpb_row height_medium\" id=\"first\"><div class=\"l-section-h i-cf\"><div class=\"g-cols vc_row via_grid cols_1 laptops-cols_inherit tablets-cols_inherit mobiles-cols_1 valign_middle type_default stacking_default\"><div class=\"wpb_column vc_column_container\"><div class=\"vc_column-inner\"><div class=\"ult-spacer spacer-69e93a57b6912\" data-id=\"69e93a57b6912\" data-height=\"\" data-height-mobile=\"\" data-height-tab=\"\" data-height-tab-portrait=\"\" data-height-mobile-landscape=\"\" style=\"clear:both;display:block;\"><\/div><div id=\"ultimate-heading-372669e93a57b6992\" class=\"uvc-heading ult-adjust-bottom-margin ultimate-heading-372669e93a57b6992 uvc-4121 \" data-hspacer=\"line_only\"  data-halign=\"left\" style=\"text-align:left\"><div class=\"uvc-sub-heading ult-responsive\"  data-ultimate-target='.uvc-heading.ultimate-heading-372669e93a57b6992 .uvc-sub-heading '  data-responsive-json-new='{\"font-size\":\"\",\"line-height\":\"\"}'  style=\"font-weight:normal;\">\n<h2>Antes de <span style=\"color: #6622aa;\">llegar<\/span><\/h2>\n<\/div><div class=\"uvc-heading-spacer line_only\" style=\"margin-top:5px;margin-bottom:10px;height:3px;\"><span class=\"uvc-headings-line\" style=\"border-style:solid;border-bottom-width:3px;border-color:#6622aa;width:150px;\"><\/span><\/div><\/div><div class=\"ult-spacer spacer-69e93a57b69fb\" data-id=\"69e93a57b69fb\" data-height=\"30\" data-height-mobile=\"30\" data-height-tab=\"30\" data-height-tab-portrait=\"\" data-height-mobile-landscape=\"\" style=\"clear:both;display:block;\"><\/div><div class=\"wpb_text_column\"><div class=\"wpb_wrapper\"><p>\u00a1Estamos muy emocionados de que haya decidido probar Willow&#8217;s Groomer! \u00a1El equipo de Willow&#8217;s Groomer est\u00e1 ansioso por conocerte! Antes de su primera cita, aqu\u00ed hay algunas cosas que puede hacer para que su registro sea un poco m\u00e1s corto y sencillo.<\/p>\n<\/div><\/div><div class=\"ult-spacer spacer-69e93a57b6d48\" data-id=\"69e93a57b6d48\" data-height=\"30\" data-height-mobile=\"30\" data-height-tab=\"30\" data-height-tab-portrait=\"\" data-height-mobile-landscape=\"\" style=\"clear:both;display:block;\"><\/div><div class=\"g-cols wpb_row via_grid cols_3 laptops-cols_inherit tablets-cols_inherit mobiles-cols_1 valign_top type_default stacking_default\" style=\"--gap:3rem;\"><div class=\"wpb_column vc_column_container\"><div class=\"vc_column-inner\"><div class=\"aio-icon-component    style_1\"><div id=\"Info-box-wrap-4115\" class=\"aio-icon-box top-icon\" style=\"\"  ><div class=\"aio-icon-top\"><div class=\"ult-just-icon-wrapper  \"><div class=\"align-icon\" style=\"text-align:center;\">\n<div class=\"aio-icon-img \" style=\"font-size:58px;display:inline-block;\" >\n\t<img decoding=\"async\" class=\"img-icon\" alt=\"null\" src=\"https:\/\/willowsgroomer.com\/wp-content\/uploads\/2024\/06\/vaccine-1.png\"\/>\n<\/div><\/div><\/div><\/div><div class=\"aio-icon-header\" ><h3 class=\"aio-icon-title ult-responsive\"  data-ultimate-target='#Info-box-wrap-4115 .aio-icon-title'  data-responsive-json-new='{\"font-size\":\"\",\"line-height\":\"\"}'  style=\"\">Prueba de Rabia y FVRCP:<\/h3><\/div> <!-- header --><div class=\"aio-icon-description ult-responsive\"  data-ultimate-target='#Info-box-wrap-4115 .aio-icon-description'  data-responsive-json-new='{\"font-size\":\"\",\"line-height\":\"\"}'  style=\"\">Antes de que nuestro equipo pueda comenzar a trabajar con su beb\u00e9 peludo, necesitaremos ver la fecha l\u00edmite para las vacunas contra la rabia y FVRCP. (Desafortunadamente, la etiqueta contra la rabia es insuficiente porque no podemos saber el mes y el d\u00eda en que vence la pr\u00f3xima vez). Puede traer una copia impresa que muestre las pr\u00f3ximas fechas de vencimiento a su cita, o puede enviarla antes a nuestro correo <a href=\"mailto:willowsgroomer@gmail.com?subject=Rabies%20Vaccine%20\">electr\u00f3nico<\/a>.<\/div> <!-- description --><\/div> <!-- aio-icon-box --><\/div> <!-- aio-icon-component --><\/div><\/div><div class=\"wpb_column vc_column_container\"><div class=\"vc_column-inner\"><div class=\"aio-icon-component    style_1\"><div id=\"Info-box-wrap-2336\" class=\"aio-icon-box top-icon\" style=\"\"  ><div class=\"aio-icon-top\"><div class=\"ult-just-icon-wrapper  \"><div class=\"align-icon\" style=\"text-align:center;\">\n<div class=\"aio-icon-img \" style=\"font-size:58px;display:inline-block;\" >\n\t<img decoding=\"async\" class=\"img-icon\" alt=\"null\" src=\"https:\/\/willowsgroomer.com\/wp-content\/uploads\/2024\/06\/contact-form.png\"\/>\n<\/div><\/div><\/div><\/div><div class=\"aio-icon-header\" ><h3 class=\"aio-icon-title ult-responsive\"  data-ultimate-target='#Info-box-wrap-2336 .aio-icon-title'  data-responsive-json-new='{\"font-size\":\"\",\"line-height\":\"\"}'  style=\"\">Complete nuestro formulario de inscripci\u00f3n de cuidado de gatos:<\/h3><\/div> <!-- header --><div class=\"aio-icon-description ult-responsive\"  data-ultimate-target='#Info-box-wrap-2336 .aio-icon-description'  data-responsive-json-new='{\"font-size\":\"\",\"line-height\":\"\"}'  style=\"\">El cuidado es un proceso muy agradable y nos gustar\u00eda saber todo lo que podamos sobre su gato. Este formulario permite que eso suceda y le brindar\u00e1 algunos detalles adicionales sobre algunas de nuestras pol\u00edticas. Puede completarlo antes de su cita, envi\u00e1rnoslo por correo electr\u00f3nico completo o no dude en imprimirlo y llevarlo a su primera visita. Puede encontrar nuestro Formulario de Inscripci\u00f3n <a href=\"https:\/\/willowsgroomer.com\/wp-content\/uploads\/2024\/06\/Grooming-Enrollment-Cat-Form-Waiver_Updated_2023-01-18_Optimized.pdf\">AQU\u00cd.<\/a> \u00a1El equipo de Willow&#8217;s Groomer siempre est\u00e1 disponible para responder cualquier pregunta que puedas tener sobre esto!<\/div> <!-- description --><\/div> <!-- aio-icon-box --><\/div> <!-- aio-icon-component --><\/div><\/div><div class=\"wpb_column vc_column_container\"><div class=\"vc_column-inner\"><div class=\"aio-icon-component    style_1\"><div id=\"Info-box-wrap-9449\" class=\"aio-icon-box top-icon\" style=\"\"  ><div class=\"aio-icon-top\"><div class=\"ult-just-icon-wrapper  \"><div class=\"align-icon\" style=\"text-align:center;\">\n<div class=\"aio-icon-img \" style=\"font-size:58px;display:inline-block;\" >\n\t<img decoding=\"async\" class=\"img-icon\" alt=\"null\" src=\"https:\/\/willowsgroomer.com\/wp-content\/uploads\/2024\/06\/happy.png\"\/>\n<\/div><\/div><\/div><\/div><div class=\"aio-icon-header\" ><h3 class=\"aio-icon-title ult-responsive\"  data-ultimate-target='#Info-box-wrap-9449 .aio-icon-title'  data-responsive-json-new='{\"font-size\":\"\",\"line-height\":\"\"}'  style=\"\">\u00bfRecibiendo un corte de pelo?<\/h3><\/div> <!-- header --><div class=\"aio-icon-description ult-responsive\"  data-ultimate-target='#Info-box-wrap-9449 .aio-icon-description'  data-responsive-json-new='{\"font-size\":\"\",\"line-height\":\"\"}'  style=\"\">Nos encanta ver clientes con una idea de c\u00f3mo les gustar\u00eda que fueran sus mascotas. A veces tenemos que modificar la foto que nos traes para que funcione con el pelaje de tu gato espec\u00edfico, pero haremos todo lo posible para hacerlo bien. Si\u00e9ntete libre de traer fotos o simplemente ideas de lo que te gustar\u00eda que hici\u00e9ramos. Tambi\u00e9n nos <strong>ENCANTA<\/strong> ayudarte a crear el corte de pelo ideal para tu mascota, por lo que siempre puedes dejarnos tener una sesi\u00f3n creativa contigo cuando llegues.<\/div> <!-- description --><\/div> <!-- aio-icon-box --><\/div> <!-- aio-icon-component --><\/div><\/div><\/div><\/div><\/div><\/div><\/div><\/section><section class=\"l-section wpb_row height_medium with_shape\"><div class=\"l-section-overlay\" style=\"background:#6622aa\"><\/div><div class=\"l-section-shape type_wave pos_top on_front\" style=\"height:12vmin;\"><svg xmlns=\"http:\/\/www.w3.org\/2000\/svg\" viewBox=\"0 4 64 4\" preserveAspectRatio=\"none\" width=\"100%\" height=\"100%\">\r\n\t<path fill=\"currentColor\" d=\"M64 6 C32 0 32 12 0 6 L0 8 L64 8 Z\"\/>\r\n<\/svg><\/div><div class=\"l-section-shape type_wave pos_bottom on_front\" style=\"height:12vmin;\"><svg xmlns=\"http:\/\/www.w3.org\/2000\/svg\" viewBox=\"0 4 64 4\" preserveAspectRatio=\"none\" width=\"100%\" height=\"100%\">\r\n\t<path fill=\"currentColor\" d=\"M64 6 C32 0 32 12 0 6 L0 8 L64 8 Z\"\/>\r\n<\/svg><\/div><div class=\"l-section-h i-cf\"><div class=\"g-cols vc_row via_grid cols_1-4-1 laptops-cols_inherit tablets-cols_inherit mobiles-cols_1 valign_middle type_default stacking_default\"><div class=\"wpb_column vc_column_container\"><div class=\"vc_column-inner\"><\/div><\/div><div class=\"wpb_column vc_column_container\"><div class=\"vc_column-inner\"><div class=\"ult-spacer spacer-69e93a57ba53b\" data-id=\"69e93a57ba53b\" data-height=\"60\" data-height-mobile=\"60\" data-height-tab=\"60\" data-height-tab-portrait=\"\" data-height-mobile-landscape=\"\" style=\"clear:both;display:block;\"><\/div><div class=\"g-cols wpb_row via_grid cols_1 laptops-cols_inherit tablets-cols_inherit mobiles-cols_1 valign_top type_default stacking_default\" style=\"--gap:1rem;\" id=\"white-box\"><div class=\"wpb_column vc_column_container\"><div class=\"vc_column-inner\"><div class=\"wpb_text_column\"><div class=\"wpb_wrapper\"><h3>Cuando llegues<\/h3>\n<\/div><\/div><div class=\"ult-spacer spacer-69e93a57bab6d\" data-id=\"69e93a57bab6d\" data-height=\"30\" data-height-mobile=\"30\" data-height-tab=\"30\" data-height-tab-portrait=\"\" data-height-mobile-landscape=\"\" style=\"clear:both;display:block;\"><\/div><div class=\"wpb_text_column\"><div class=\"wpb_wrapper\"><p class=\"\">Ha llegado el gran d\u00eda, te est\u00e1s preparando para entrar en nuestro hermoso estacionamiento. A continuaci\u00f3n se ofrecen algunos consejos \u00fatiles antes de saltar del coche y entrar:<\/p>\n<ul data-rte-list=\"default\">\n<li>\n<p class=\"\">Nuestra tienda est\u00e1 ubicada en una calle muy transitada. Recomendamos encarecidamente el uso de transportadores para gatos y asegurarse de comprobar que est\u00e9n cerrados y bloqueados antes de salir del coche. \u00bfTienes una ma\u00f1ana dif\u00edcil o parece que no puedes llevar a tu gato a su transport\u00edn? \u00bfSab\u00edas que puedes utilizar una funda de almohada para transportarlos de forma segura desde tu coche hasta nuestra tienda? \u00a1Es la siguiente mejor opci\u00f3n para viajar seguro con tu gato!<\/p>\n<p class=\"\"><strong>Dir\u00edgete al interior para registrarte<\/strong><\/p>\n<\/li>\n<li>\n<p class=\"\">Juliana, nuestra recepcionista lo recibir\u00e1 con una c\u00e1lida bienvenida y comenzar\u00e1 su proceso de check-in. Nos aseguraremos de tener un buen n\u00famero de tel\u00e9fono al que llamar para recogerlo. Guardar nuestro n\u00famero de tel\u00e9fono en su tel\u00e9fono puede facilitar a\u00fan m\u00e1s la recogida de llamadas. Luego, Juliana confirmar\u00e1 los servicios contigo y repasar\u00e1 lo que est\u00e1 incluido. Luego confirmaremos que tenemos las fechas l\u00edmite de la vacuna contra la rabia y FVRC en nuestro sistema y que ha completado nuestro <a href=\"https:\/\/willowsgroomer.com\/wp-content\/uploads\/2024\/06\/Grooming-Enrollment-Cat-Form-Waiver_Updated_2023-01-18_Optimized.pdf\"><strong>Formulario de Inscripci\u00f3n<\/strong><\/a>. Una vez que hayamos confirmado todo eso, le pediremos a Ashley que se presente con anticipaci\u00f3n para tener una consulta individual sobre las necesidades de su gato.<\/p>\n<\/li>\n<\/ul>\n<\/div><\/div><\/div><\/div><\/div><div class=\"ult-spacer spacer-69e93a57baf7c\" data-id=\"69e93a57baf7c\" data-height=\"60\" data-height-mobile=\"60\" data-height-tab=\"60\" data-height-tab-portrait=\"\" data-height-mobile-landscape=\"\" style=\"clear:both;display:block;\"><\/div><\/div><\/div><div class=\"wpb_column vc_column_container\"><div class=\"vc_column-inner\"><\/div><\/div><\/div><\/div><\/section><section class=\"l-section wpb_row us_custom_f658a1ad height_medium with_img with_shape\" id=\"about\"><div class=\"l-section-img\" role=\"img\" data-img-width=\"2000\" data-img-height=\"880\" style=\"background-image: url(https:\/\/willowsgroomer.com\/wp-content\/uploads\/2024\/06\/background-3-1.jpg);\"><\/div><div class=\"l-section-shape type_wave pos_bottom on_front hor_flip\" style=\"height:15vmin;color:#361259\"><svg xmlns=\"http:\/\/www.w3.org\/2000\/svg\" viewBox=\"0 4 64 4\" preserveAspectRatio=\"none\" width=\"100%\" height=\"100%\">\r\n\t<path fill=\"currentColor\" d=\"M64 6 C32 0 32 12 0 6 L0 8 L64 8 Z\"\/>\r\n<\/svg><\/div><div class=\"l-section-h i-cf\"><div class=\"g-cols vc_row via_grid cols_2 laptops-cols_inherit tablets-cols_inherit mobiles-cols_1 valign_middle type_default stacking_default\"><div class=\"wpb_column vc_column_container us_custom_8f7b07a9 us_animate_this\"><div class=\"vc_column-inner\"><div class=\"wpb_text_column\"><div class=\"wpb_wrapper\"><div class=\"w-image img-1 align_none\"><div class=\"w-image-h\"><img decoding=\"async\" width=\"900\" height=\"900\" src=\"https:\/\/willowsgroomer.com\/wp-content\/uploads\/2024\/06\/cat-appointment.jpg\" class=\"attachment-large size-large\" alt=\"\" loading=\"lazy\" srcset=\"https:\/\/willowsgroomer.com\/wp-content\/uploads\/2024\/06\/cat-appointment.jpg 900w, https:\/\/willowsgroomer.com\/wp-content\/uploads\/2024\/06\/cat-appointment-300x300.jpg 300w, https:\/\/willowsgroomer.com\/wp-content\/uploads\/2024\/06\/cat-appointment-150x150.jpg 150w\" sizes=\"auto, (max-width: 900px) 100vw, 900px\" \/><\/div><\/div>\n<\/div><\/div><\/div><\/div><div class=\"wpb_column vc_column_container us_custom_b5bd4ca3 us_animate_this\"><div class=\"vc_column-inner\"><div class=\"wpb_text_column\"><div class=\"wpb_wrapper\"><h5>Mientras tu gato est\u00e1 aqu\u00ed<\/h5>\n<\/div><\/div><div class=\"ult-spacer spacer-69e93a57bdc31\" data-id=\"69e93a57bdc31\" data-height=\"30\" data-height-mobile=\"30\" data-height-tab=\"30\" data-height-tab-portrait=\"\" data-height-mobile-landscape=\"\" style=\"clear:both;display:block;\"><\/div><div class=\"wpb_text_column\"><div class=\"wpb_wrapper\"><p>Ahora que se complet\u00f3 el check-in, \u00a1es hora de sentarse y relajarse! Su gato est\u00e1 en buenas manos con nosotros y le avisaremos cuando sea el momento de regresar para recogerlo. Dependiendo de para qu\u00e9 venga su gato a nosotros, puede tardar entre 2 y 4 horas en estar listo. Queremos que tengan una experiencia libre de estr\u00e9s y no queremos apresurar su tiempo con nosotros. Si vienes solo para una manicura y pedicura, puedes esperar en nuestra \u00e1rea de venta minorista mientras hacemos nuestra magia. Una vez que regrese para que lo recojan, Ashley se acercar\u00e1 y le informar\u00e1 c\u00f3mo fue todo. Si en alg\u00fan momento durante el tiempo que su gato pasa con nosotros, desea recibir una actualizaci\u00f3n de estado, no dude en llamar o enviar un mensaje de texto a nuestra tienda. Nos encanta no s\u00f3lo hacer que su gato se sienta c\u00f3modo, sino que tambi\u00e9n queremos que usted se sienta seguro mientras est\u00e1 bajo nuestro cuidado.<\/p>\n<\/div><\/div><\/div><\/div><\/div><\/div><\/section>\n","protected":false},"excerpt":{"rendered":"Los gatos necesitan un cuidado diferente al de los perros El aseo para gatos sigue el mismo proceso general que para perros. Involucra agua, champ\u00fas, productos para el pelo, secado y, a veces, corte de pelo. Sin embargo, cualquiera que haya intentado realizar esas tareas con un gato sabe que no es la misma experiencia....","protected":false},"author":1,"featured_media":0,"parent":0,"menu_order":0,"comment_status":"closed","ping_status":"closed","template":"","meta":{"footnotes":""},"class_list":["post-626","page","type-page","status-publish","hentry"],"_links":{"self":[{"href":"https:\/\/willowsgroomer.com\/es\/wp-json\/wp\/v2\/pages\/626","targetHints":{"allow":["GET"]}}],"collection":[{"href":"https:\/\/willowsgroomer.com\/es\/wp-json\/wp\/v2\/pages"}],"about":[{"href":"https:\/\/willowsgroomer.com\/es\/wp-json\/wp\/v2\/types\/page"}],"author":[{"embeddable":true,"href":"https:\/\/willowsgroomer.com\/es\/wp-json\/wp\/v2\/users\/1"}],"replies":[{"embeddable":true,"href":"https:\/\/willowsgroomer.com\/es\/wp-json\/wp\/v2\/comments?post=626"}],"version-history":[{"count":26,"href":"https:\/\/willowsgroomer.com\/es\/wp-json\/wp\/v2\/pages\/626\/revisions"}],"predecessor-version":[{"id":1918,"href":"https:\/\/willowsgroomer.com\/es\/wp-json\/wp\/v2\/pages\/626\/revisions\/1918"}],"wp:attachment":[{"href":"https:\/\/willowsgroomer.com\/es\/wp-json\/wp\/v2\/media?parent=626"}],"curies":[{"name":"wp","href":"https:\/\/api.w.org\/{rel}","templated":true}]}}