{"id":599,"date":"2024-06-12T18:35:37","date_gmt":"2024-06-12T18:35:37","guid":{"rendered":"https:\/\/willowsgroomer.com\/?page_id=599"},"modified":"2025-03-12T18:55:56","modified_gmt":"2025-03-12T18:55:56","slug":"about-us-2","status":"publish","type":"page","link":"https:\/\/willowsgroomer.com\/es\/about-us-2\/","title":{"rendered":"Nosotros"},"content":{"rendered":"<section class=\"l-section wpb_row height_medium with_img\"><div class=\"l-section-img\" role=\"img\" data-img-width=\"2560\" data-img-height=\"1127\" style=\"background-image: url(https:\/\/willowsgroomer.com\/wp-content\/uploads\/2024\/06\/background-4-1-scaled.jpg);\"><\/div><div class=\"l-section-overlay\" style=\"background:rgba(255,255,255,0.50)\"><\/div><div class=\"l-section-h i-cf\"><div class=\"g-cols vc_row via_grid cols_2 laptops-cols_inherit tablets-cols_inherit mobiles-cols_1 valign_middle type_default stacking_default\"><div class=\"wpb_column vc_column_container\"><div class=\"vc_column-inner\"><div id=\"ultimate-heading-31769e9235bc449a\" class=\"uvc-heading ult-adjust-bottom-margin ultimate-heading-31769e9235bc449a uvc-3152 \" data-hspacer=\"line_only\"  data-halign=\"left\" style=\"text-align:left\"><div class=\"uvc-main-heading ult-responsive\"  data-ultimate-target='.uvc-heading.ultimate-heading-31769e9235bc449a h2'  data-responsive-json-new='{\"font-size\":\"\",\"line-height\":\"\"}' ><h2 style=\"font-weight:normal;\">Acerca de<\/h2><\/div><div class=\"uvc-sub-heading ult-responsive\"  data-ultimate-target='.uvc-heading.ultimate-heading-31769e9235bc449a .uvc-sub-heading '  data-responsive-json-new='{\"font-size\":\"desktop:40px;\",\"line-height\":\"\"}'  style=\"font-weight:normal;\">\n<h1>Willow&#8217;s <span style=\"color: #6622aa;\">Groomer<\/span><\/h1>\n<\/div><div class=\"uvc-heading-spacer line_only\" style=\"margin-top:5px;margin-bottom:10px;height:3px;\"><span class=\"uvc-headings-line\" style=\"border-style:solid;border-bottom-width:3px;border-color:#6622aa;width:150px;\"><\/span><\/div><\/div><div class=\"ult-spacer spacer-69e9235bc44ee\" data-id=\"69e9235bc44ee\" data-height=\"40\" data-height-mobile=\"40\" data-height-tab=\"40\" data-height-tab-portrait=\"\" data-height-mobile-landscape=\"\" style=\"clear:both;display:block;\"><\/div><div class=\"wpb_text_column\"><div class=\"wpb_wrapper\"><p>Bienvenido a Willow\u2019s Groomer, donde el bienestar de tu mascota es nuestra mayor prioridad. Con m\u00e1s de 8 a\u00f1os de experiencia y un premio al mejor Groomer de Orlando 2023 nuestro equipo de profesionales cualificados es apasionado por las mascotas y est\u00e1 comprometido a ofrecer el m\u00e1s alto est\u00e1ndar de cuidado en grooming.<\/p>\n<\/div><\/div><div class=\"ult-spacer spacer-69e9235bc47e4\" data-id=\"69e9235bc47e4\" data-height=\"40\" data-height-mobile=\"40\" data-height-tab=\"40\" data-height-tab-portrait=\"\" data-height-mobile-landscape=\"\" style=\"clear:both;display:block;\"><\/div><div class=\"wpb_text_column\"><div class=\"wpb_wrapper\"><p>En Willow\u2019s Groomer, creemos que el grooming es esencial no solo para la apariencia f\u00edsica de la mascota, sino tambi\u00e9n para su salud y felicidad general. Nuestras instalaciones est\u00e1n equipadas con herramientas de grooming de \u00faltima generaci\u00f3n y utilizamos solo los mejores productos seguros para mascotas. Desde ba\u00f1os relajantes hasta cortes estilizados, nuestros servicios integrales est\u00e1n dise\u00f1ados para asegurar que cada mascota salga luciendo y sinti\u00e9ndose mejor que nunca.<\/p>\n<\/div><\/div><\/div><\/div><div class=\"wpb_column vc_column_container\"><div class=\"vc_column-inner\"><div class=\"w-image align_none\"><div class=\"w-image-h\"><img decoding=\"async\" width=\"938\" height=\"1000\" src=\"https:\/\/willowsgroomer.com\/wp-content\/uploads\/2024\/07\/DOG-3-1.png\" class=\"attachment-large size-large\" alt=\"\" loading=\"lazy\" srcset=\"https:\/\/willowsgroomer.com\/wp-content\/uploads\/2024\/07\/DOG-3-1.png 938w, https:\/\/willowsgroomer.com\/wp-content\/uploads\/2024\/07\/DOG-3-1-281x300.png 281w\" sizes=\"auto, (max-width: 938px) 100vw, 938px\" \/><\/div><\/div><\/div><\/div><\/div><\/div><\/section><section class=\"l-section wpb_row height_medium with_shape\"><div class=\"l-section-overlay\" style=\"background:#6622aa\"><\/div><div class=\"l-section-shape type_wave pos_top on_front hor_flip\" style=\"height:10vmin;\"><svg xmlns=\"http:\/\/www.w3.org\/2000\/svg\" viewBox=\"0 4 64 4\" preserveAspectRatio=\"none\" width=\"100%\" height=\"100%\">\r\n\t<path fill=\"currentColor\" d=\"M64 6 C32 0 32 12 0 6 L0 8 L64 8 Z\"\/>\r\n<\/svg><\/div><div class=\"l-section-h i-cf\"><div class=\"g-cols vc_row via_grid cols_1-4-1 laptops-cols_inherit tablets-cols_inherit mobiles-cols_1 valign_top type_default stacking_default\"><div class=\"wpb_column vc_column_container\"><div class=\"vc_column-inner\"><\/div><\/div><div class=\"wpb_column vc_column_container us_custom_6df4bc3a has_text_color\"><div class=\"vc_column-inner\"><div class=\"ult-spacer spacer-69e9235bc6721\" data-id=\"69e9235bc6721\" data-height=\"70\" data-height-mobile=\"70\" data-height-tab=\"70\" data-height-tab-portrait=\"\" data-height-mobile-landscape=\"\" style=\"clear:both;display:block;\"><\/div><div class=\"g-cols wpb_row via_grid cols_1 laptops-cols_inherit tablets-cols_inherit mobiles-cols_1 valign_top type_default stacking_default\" style=\"--gap:3rem;\" id=\"box-1\"><div class=\"wpb_column vc_column_container\"><div class=\"vc_column-inner\"><div class=\"wpb_text_column us_custom_6df4bc3a has_text_color\"><div class=\"wpb_wrapper\"><h3 style=\"text-align: center;\">Estamos emocionados de conocerte a ti y a tu amigo peludo, y de proporcionarle el cuidado que se merece.<\/h3>\n<p style=\"text-align: center;\">Nuestro compromiso con la excelencia va m\u00e1s all\u00e1 del grooming. Nos esforzamos por crear una comunidad de propietarios de mascotas bien informados compartiendo conocimientos y consejos sobre el cuidado de las mascotas a trav\u00e9s de nuestro blog y canales de redes sociales.<\/p>\n<\/div><\/div><\/div><\/div><\/div><div class=\"ult-spacer spacer-69e9235bc6cec\" data-id=\"69e9235bc6cec\" data-height=\"70\" data-height-mobile=\"70\" data-height-tab=\"70\" data-height-tab-portrait=\"\" data-height-mobile-landscape=\"\" style=\"clear:both;display:block;\"><\/div><\/div><\/div><div class=\"wpb_column vc_column_container\"><div class=\"vc_column-inner\"><\/div><\/div><\/div><\/div><\/section>\n","protected":false},"excerpt":{"rendered":"Acerca de Willow's Groomer Bienvenido a Willow\u2019s Groomer, donde el bienestar de tu mascota es nuestra mayor prioridad. Con m\u00e1s de 8 a\u00f1os de experiencia y un premio al mejor Groomer de Orlando 2023 nuestro equipo de profesionales cualificados es apasionado por las mascotas y est\u00e1 comprometido a ofrecer el m\u00e1s alto est\u00e1ndar de cuidado...","protected":false},"author":1,"featured_media":0,"parent":0,"menu_order":0,"comment_status":"closed","ping_status":"closed","template":"","meta":{"footnotes":""},"class_list":["post-599","page","type-page","status-publish","hentry"],"_links":{"self":[{"href":"https:\/\/willowsgroomer.com\/es\/wp-json\/wp\/v2\/pages\/599","targetHints":{"allow":["GET"]}}],"collection":[{"href":"https:\/\/willowsgroomer.com\/es\/wp-json\/wp\/v2\/pages"}],"about":[{"href":"https:\/\/willowsgroomer.com\/es\/wp-json\/wp\/v2\/types\/page"}],"author":[{"embeddable":true,"href":"https:\/\/willowsgroomer.com\/es\/wp-json\/wp\/v2\/users\/1"}],"replies":[{"embeddable":true,"href":"https:\/\/willowsgroomer.com\/es\/wp-json\/wp\/v2\/comments?post=599"}],"version-history":[{"count":59,"href":"https:\/\/willowsgroomer.com\/es\/wp-json\/wp\/v2\/pages\/599\/revisions"}],"predecessor-version":[{"id":1831,"href":"https:\/\/willowsgroomer.com\/es\/wp-json\/wp\/v2\/pages\/599\/revisions\/1831"}],"wp:attachment":[{"href":"https:\/\/willowsgroomer.com\/es\/wp-json\/wp\/v2\/media?parent=599"}],"curies":[{"name":"wp","href":"https:\/\/api.w.org\/{rel}","templated":true}]}}